{"id":14,"date":"2016-02-01T08:26:36","date_gmt":"2016-02-01T08:26:36","guid":{"rendered":"http:\/\/www.ssiberica.es\/es\/?page_id=14"},"modified":"2016-05-23T14:01:21","modified_gmt":"2016-05-23T12:01:21","slug":"departamento-id","status":"publish","type":"page","link":"https:\/\/www.ssiberica.es\/es\/departamento-id\/","title":{"rendered":"Departamento I+D"},"content":{"rendered":"<p><img loading=\"lazy\" decoding=\"async\" class=\"aligncenter size-full wp-image-291\" src=\"http:\/\/www.ssiberica.es\/es\/wp-content\/uploads\/2016\/02\/depart-id.jpg\" alt=\"depart-i+d\" width=\"1140\" height=\"390\" srcset=\"https:\/\/www.ssiberica.es\/es\/wp-content\/uploads\/2016\/02\/depart-id.jpg 1140w, https:\/\/www.ssiberica.es\/es\/wp-content\/uploads\/2016\/02\/depart-id-300x103.jpg 300w, https:\/\/www.ssiberica.es\/es\/wp-content\/uploads\/2016\/02\/depart-id-768x263.jpg 768w, https:\/\/www.ssiberica.es\/es\/wp-content\/uploads\/2016\/02\/depart-id-1024x350.jpg 1024w\" sizes=\"(max-width: 1140px) 100vw, 1140px\" \/><\/p>\n<div class=\"margen-2\"><\/div>\n<div class=\"dos-columnas\">\n<p><span style=\"color: #009661;\"><strong>SEMILLAS SOSTENIBLES IB\u00c9RICA<\/strong><\/span> mantiene un programa de mejora gen\u00e9tica en colaboraci\u00f3n con varios de los m\u00e1s prestigiosos obtentores y mejoradores en el mundo. Decididos a mejorar a\u00f1o a a\u00f1o la calidad de nuestros productos llevamos a cabo distintas l\u00edneas de investigaci\u00f3n. Es la \u00fanica compa\u00f1\u00eda cuyos sistemas de mejora est\u00e1n realizados a trav\u00e9s de su laboratorio de producci\u00f3n in-vitro.<\/p>\n<p>Nuestros objetivos para la b\u00fasqueda y mejora de nuevas variedades para Espa\u00f1a, son muy claras desde el a\u00f1o 2007, en el que se inicia este programa de investigaci\u00f3n y mejora. Trabajar sobre la calidad y la adaptabilidad de nuevos cultivos en Espa\u00f1a es nuestro objetivo principal.<\/p>\n<\/div>\n<div class=\"margen-3\"><\/div>\n<h2 style=\"text-align: center;\">INVESTIGACI\u00d3N ALGOD\u00d3N<\/h2>\n<div class=\"linea-gris\"><\/div>\n<div class=\"margen-1\"><\/div>\n<div class=\"one_third\">\n<h3 style=\"text-align: center;\">En variedades convencionales<\/h3>\n<p><img loading=\"lazy\" decoding=\"async\" class=\"aligncenter size-full wp-image-52\" src=\"http:\/\/www.ssiberica.es\/es\/wp-content\/uploads\/2016\/02\/separador-gris.png\" alt=\"separador-gris\" width=\"100\" height=\"3\" \/><\/p>\n<p style=\"text-align: center;\">Variedades precoces con longitud de fibra de al menos 30 mm con resistencia de 31gr\/tex y micronaire 4-4,5.<\/p>\n<\/div>\n<div class=\"one_third\">\n<h3 style=\"text-align: center;\">En variedades h\u00edbridas<\/h3>\n<p><img loading=\"lazy\" decoding=\"async\" class=\"aligncenter size-full wp-image-52\" src=\"http:\/\/www.ssiberica.es\/es\/wp-content\/uploads\/2016\/02\/separador-gris.png\" alt=\"separador-gris\" width=\"100\" height=\"3\" \/><\/p>\n<p style=\"text-align: center;\">B\u00fasquedas de compatibilidad de polen a trav\u00e9s de abejas.<\/p>\n<\/div>\n<div class=\"one_third last\">\n<h3 style=\"text-align: center;\">En variedades barbadenses<\/h3>\n<p><img loading=\"lazy\" decoding=\"async\" class=\"aligncenter size-full wp-image-52\" src=\"http:\/\/www.ssiberica.es\/es\/wp-content\/uploads\/2016\/02\/separador-gris.png\" alt=\"separador-gris\" width=\"100\" height=\"3\" \/><\/p>\n<p style=\"text-align: center;\">Adecuaci\u00f3n de las variedades a nuestro ciclo clim\u00e1tico.<\/p>\n<\/div>\n<div class=\"clear\"><\/div>\n<div class=\"margen-1\"><\/div>\n<div class=\"linea-gris\"><\/div>\n<div class=\"margen-2\"><\/div>\n<p>Como consecuencia de estos trabajos de investigaci\u00f3n y desarrollo ya tenemos variedades en fase de registro de primero y segundo a\u00f1o de las siguientes variedades:<\/p>\n<div class=\"one_half\">\n<h3>En variedades convencionales en fase de registro y desarrollo<\/h3>\n<ul>\n<li><span style=\"color: #009661;\"><strong>Amazon:<\/strong><\/span> Variedad convencional de ciclo corto (inferior a Lambada) con rendimientos equivalentes a ciclos medios largos, tolerante a Verticilium y alta calidad de fibra.<\/li>\n<li><span style=\"color: #009661;\"><strong>Angelita:<\/strong><\/span> Variedad de ciclo medio, alt\u00edsimo rendimiento, excepcional calidad de fibra.<\/li>\n<li><span style=\"color: #009661;\"><strong>Ca\u00f1\u00f3n:<\/strong><\/span> Variedad barbadense de ciclo corto, buen rendimiento y fibra extralarga.<\/li>\n<\/ul>\n<\/div>\n<div class=\"one_half last\">\n<h3>En variedades h\u00edbridas en fase de registro y desarrollo<\/h3>\n<ul>\n<li><span style=\"color: #009661;\"><strong>Intercott-701:<\/strong><\/span> Variedad de ciclo y rendimiento similar a intercott-211, tiene mayor rendimiento en fibra y lo m\u00e1s importante, su polen es m\u00e1s compatible con el trabajo de las abejas.<\/li>\n<\/ul>\n<\/div>\n<div class=\"clear\"><\/div>\n","protected":false},"excerpt":{"rendered":"<p>SEMILLAS SOSTENIBLES IB\u00c9RICA mantiene un programa de mejora gen\u00e9tica en colaboraci\u00f3n con varios de los m\u00e1s prestigiosos obtentores y mejoradores en el mundo. Decididos a mejorar a\u00f1o a a\u00f1o la calidad de nuestros productos llevamos a cabo distintas l\u00edneas de investigaci\u00f3n. Es la \u00fanica compa\u00f1\u00eda cuyos sistemas de mejora est\u00e1n realizados a trav\u00e9s de su [&hellip;]<\/p>\n","protected":false},"author":2,"featured_media":0,"parent":0,"menu_order":0,"comment_status":"closed","ping_status":"closed","template":"","meta":{"ngg_post_thumbnail":0,"footnotes":""},"class_list":["post-14","page","type-page","status-publish","hentry"],"yoast_head":"<!-- This site is optimized with the Yoast SEO plugin v23.7 - https:\/\/yoast.com\/wordpress\/plugins\/seo\/ -->\n<title>Departamento I+D - Semisur<\/title>\n<meta name=\"robots\" content=\"index, follow, max-snippet:-1, max-image-preview:large, max-video-preview:-1\" \/>\n<link rel=\"canonical\" href=\"https:\/\/www.ssiberica.es\/es\/departamento-id\/\" \/>\n<meta property=\"og:locale\" content=\"es_ES\" \/>\n<meta property=\"og:type\" content=\"article\" \/>\n<meta property=\"og:title\" content=\"Departamento I+D - Semisur\" \/>\n<meta property=\"og:description\" content=\"SEMILLAS SOSTENIBLES IB\u00c9RICA mantiene un programa de mejora gen\u00e9tica en colaboraci\u00f3n con varios de los m\u00e1s prestigiosos obtentores y mejoradores en el mundo. Decididos a mejorar a\u00f1o a a\u00f1o la calidad de nuestros productos llevamos a cabo distintas l\u00edneas de investigaci\u00f3n. Es la \u00fanica compa\u00f1\u00eda cuyos sistemas de mejora est\u00e1n realizados a trav\u00e9s de su [&hellip;]\" \/>\n<meta property=\"og:url\" content=\"https:\/\/www.ssiberica.es\/es\/departamento-id\/\" \/>\n<meta property=\"og:site_name\" content=\"Semisur\" \/>\n<meta property=\"article:modified_time\" content=\"2016-05-23T12:01:21+00:00\" \/>\n<meta property=\"og:image\" content=\"http:\/\/www.ssiberica.es\/es\/wp-content\/uploads\/2016\/02\/depart-id.jpg\" \/>\n<meta name=\"twitter:label1\" content=\"Tiempo de lectura\" \/>\n\t<meta name=\"twitter:data1\" content=\"1 minuto\" \/>\n<script type=\"application\/ld+json\" class=\"yoast-schema-graph\">{\"@context\":\"https:\/\/schema.org\",\"@graph\":[{\"@type\":\"WebPage\",\"@id\":\"https:\/\/www.ssiberica.es\/es\/departamento-id\/\",\"url\":\"https:\/\/www.ssiberica.es\/es\/departamento-id\/\",\"name\":\"Departamento I+D - Semisur\",\"isPartOf\":{\"@id\":\"https:\/\/www.ssiberica.es\/es\/#website\"},\"primaryImageOfPage\":{\"@id\":\"https:\/\/www.ssiberica.es\/es\/departamento-id\/#primaryimage\"},\"image\":{\"@id\":\"https:\/\/www.ssiberica.es\/es\/departamento-id\/#primaryimage\"},\"thumbnailUrl\":\"http:\/\/www.ssiberica.es\/es\/wp-content\/uploads\/2016\/02\/depart-id.jpg\",\"datePublished\":\"2016-02-01T08:26:36+00:00\",\"dateModified\":\"2016-05-23T12:01:21+00:00\",\"breadcrumb\":{\"@id\":\"https:\/\/www.ssiberica.es\/es\/departamento-id\/#breadcrumb\"},\"inLanguage\":\"es\",\"potentialAction\":[{\"@type\":\"ReadAction\",\"target\":[\"https:\/\/www.ssiberica.es\/es\/departamento-id\/\"]}]},{\"@type\":\"ImageObject\",\"inLanguage\":\"es\",\"@id\":\"https:\/\/www.ssiberica.es\/es\/departamento-id\/#primaryimage\",\"url\":\"https:\/\/www.ssiberica.es\/es\/wp-content\/uploads\/2016\/02\/depart-id.jpg\",\"contentUrl\":\"https:\/\/www.ssiberica.es\/es\/wp-content\/uploads\/2016\/02\/depart-id.jpg\",\"width\":1140,\"height\":390},{\"@type\":\"BreadcrumbList\",\"@id\":\"https:\/\/www.ssiberica.es\/es\/departamento-id\/#breadcrumb\",\"itemListElement\":[{\"@type\":\"ListItem\",\"position\":1,\"name\":\"Portada\",\"item\":\"https:\/\/www.ssiberica.es\/es\/\"},{\"@type\":\"ListItem\",\"position\":2,\"name\":\"Departamento I+D\"}]},{\"@type\":\"WebSite\",\"@id\":\"https:\/\/www.ssiberica.es\/es\/#website\",\"url\":\"https:\/\/www.ssiberica.es\/es\/\",\"name\":\"Semisur\",\"description\":\"Semillas Sostenibles Ib\u00e9rica S.L.\",\"potentialAction\":[{\"@type\":\"SearchAction\",\"target\":{\"@type\":\"EntryPoint\",\"urlTemplate\":\"https:\/\/www.ssiberica.es\/es\/?s={search_term_string}\"},\"query-input\":{\"@type\":\"PropertyValueSpecification\",\"valueRequired\":true,\"valueName\":\"search_term_string\"}}],\"inLanguage\":\"es\"}]}<\/script>\n<!-- \/ Yoast SEO plugin. -->","yoast_head_json":{"title":"Departamento I+D - Semisur","robots":{"index":"index","follow":"follow","max-snippet":"max-snippet:-1","max-image-preview":"max-image-preview:large","max-video-preview":"max-video-preview:-1"},"canonical":"https:\/\/www.ssiberica.es\/es\/departamento-id\/","og_locale":"es_ES","og_type":"article","og_title":"Departamento I+D - Semisur","og_description":"SEMILLAS SOSTENIBLES IB\u00c9RICA mantiene un programa de mejora gen\u00e9tica en colaboraci\u00f3n con varios de los m\u00e1s prestigiosos obtentores y mejoradores en el mundo. Decididos a mejorar a\u00f1o a a\u00f1o la calidad de nuestros productos llevamos a cabo distintas l\u00edneas de investigaci\u00f3n. Es la \u00fanica compa\u00f1\u00eda cuyos sistemas de mejora est\u00e1n realizados a trav\u00e9s de su [&hellip;]","og_url":"https:\/\/www.ssiberica.es\/es\/departamento-id\/","og_site_name":"Semisur","article_modified_time":"2016-05-23T12:01:21+00:00","og_image":[{"url":"http:\/\/www.ssiberica.es\/es\/wp-content\/uploads\/2016\/02\/depart-id.jpg"}],"twitter_misc":{"Tiempo de lectura":"1 minuto"},"schema":{"@context":"https:\/\/schema.org","@graph":[{"@type":"WebPage","@id":"https:\/\/www.ssiberica.es\/es\/departamento-id\/","url":"https:\/\/www.ssiberica.es\/es\/departamento-id\/","name":"Departamento I+D - Semisur","isPartOf":{"@id":"https:\/\/www.ssiberica.es\/es\/#website"},"primaryImageOfPage":{"@id":"https:\/\/www.ssiberica.es\/es\/departamento-id\/#primaryimage"},"image":{"@id":"https:\/\/www.ssiberica.es\/es\/departamento-id\/#primaryimage"},"thumbnailUrl":"http:\/\/www.ssiberica.es\/es\/wp-content\/uploads\/2016\/02\/depart-id.jpg","datePublished":"2016-02-01T08:26:36+00:00","dateModified":"2016-05-23T12:01:21+00:00","breadcrumb":{"@id":"https:\/\/www.ssiberica.es\/es\/departamento-id\/#breadcrumb"},"inLanguage":"es","potentialAction":[{"@type":"ReadAction","target":["https:\/\/www.ssiberica.es\/es\/departamento-id\/"]}]},{"@type":"ImageObject","inLanguage":"es","@id":"https:\/\/www.ssiberica.es\/es\/departamento-id\/#primaryimage","url":"https:\/\/www.ssiberica.es\/es\/wp-content\/uploads\/2016\/02\/depart-id.jpg","contentUrl":"https:\/\/www.ssiberica.es\/es\/wp-content\/uploads\/2016\/02\/depart-id.jpg","width":1140,"height":390},{"@type":"BreadcrumbList","@id":"https:\/\/www.ssiberica.es\/es\/departamento-id\/#breadcrumb","itemListElement":[{"@type":"ListItem","position":1,"name":"Portada","item":"https:\/\/www.ssiberica.es\/es\/"},{"@type":"ListItem","position":2,"name":"Departamento I+D"}]},{"@type":"WebSite","@id":"https:\/\/www.ssiberica.es\/es\/#website","url":"https:\/\/www.ssiberica.es\/es\/","name":"Semisur","description":"Semillas Sostenibles Ib\u00e9rica S.L.","potentialAction":[{"@type":"SearchAction","target":{"@type":"EntryPoint","urlTemplate":"https:\/\/www.ssiberica.es\/es\/?s={search_term_string}"},"query-input":{"@type":"PropertyValueSpecification","valueRequired":true,"valueName":"search_term_string"}}],"inLanguage":"es"}]}},"_links":{"self":[{"href":"https:\/\/www.ssiberica.es\/es\/wp-json\/wp\/v2\/pages\/14"}],"collection":[{"href":"https:\/\/www.ssiberica.es\/es\/wp-json\/wp\/v2\/pages"}],"about":[{"href":"https:\/\/www.ssiberica.es\/es\/wp-json\/wp\/v2\/types\/page"}],"author":[{"embeddable":true,"href":"https:\/\/www.ssiberica.es\/es\/wp-json\/wp\/v2\/users\/2"}],"replies":[{"embeddable":true,"href":"https:\/\/www.ssiberica.es\/es\/wp-json\/wp\/v2\/comments?post=14"}],"version-history":[{"count":5,"href":"https:\/\/www.ssiberica.es\/es\/wp-json\/wp\/v2\/pages\/14\/revisions"}],"predecessor-version":[{"id":529,"href":"https:\/\/www.ssiberica.es\/es\/wp-json\/wp\/v2\/pages\/14\/revisions\/529"}],"wp:attachment":[{"href":"https:\/\/www.ssiberica.es\/es\/wp-json\/wp\/v2\/media?parent=14"}],"curies":[{"name":"wp","href":"https:\/\/api.w.org\/{rel}","templated":true}]}}