{"id":338,"date":"2016-05-05T13:46:55","date_gmt":"2016-05-05T11:46:55","guid":{"rendered":"http:\/\/www.ssiberica.es\/es\/?page_id=338"},"modified":"2018-03-16T14:09:49","modified_gmt":"2018-03-16T13:09:49","slug":"calidad","status":"publish","type":"page","link":"https:\/\/www.ssiberica.es\/es\/calidad\/","title":{"rendered":"Calidad"},"content":{"rendered":"<div class=\"one_third\"><img loading=\"lazy\" decoding=\"async\" src=\"http:\/\/www.ssiberica.es\/es\/wp-content\/uploads\/2016\/05\/brc-food.png\" alt=\"brc-food\" width=\"107\" height=\"163\" class=\"aligncenter size-full wp-image-665\" \/><\/div>\n<div class=\"one_third\"><a href=\"http:\/\/www.ssiberica.es\/es\/wp-content\/uploads\/2016\/05\/Carta-y-Certificado-IFS-Semillas-Sostenibles-Ibericas-15-16.pdf\" target=\"_blank\"><img loading=\"lazy\" decoding=\"async\" src=\"http:\/\/www.ssiberica.es\/es\/wp-content\/uploads\/2016\/05\/calidad-ifs.png\" alt=\"calidad-ifs\" width=\"215\" height=\"164\" class=\"aligncenter size-full wp-image-510\" \/><\/a><\/div>\n<div class=\"one_third last\"><a href=\"http:\/\/www.ssiberica.es\/es\/wp-content\/uploads\/2016\/05\/Certificado-ECO-y-anexo-SEMILLAS-SOSTENIBLES-IBERICAS.pdf\" target=\"_blank\"><img loading=\"lazy\" decoding=\"async\" src=\"http:\/\/www.ssiberica.es\/es\/wp-content\/uploads\/2018\/03\/eu-organic.png\" alt=\"\" width=\"263\" height=\"163\" class=\"aligncenter size-full wp-image-676\" \/><\/a><\/div>\n<div class=\"clear\"><\/div>\n<div class=\"margen-2\"><\/div>\n<div class=\"dos-columnas\">\n<p>Desde <strong>Semillas Sostenibles Ib\u00e9rica<\/strong>\u00a0 aseguramos \u00a0la calidad y el servicio a nuestros clientes con lo que sometemos a un control exhaustivo al producto final, desde sus inicios en la producci\u00f3n agr\u00edcola (variedad, siembra, desarrollo del cultivo, recolecci\u00f3n), hasta el proceso industrial de transformaci\u00f3n, envasado, almacenaje y una coordinada log\u00edstica. Aseguramos en cualquier punto de la cadena antes descrita la trazabilidad del producto, sabemos en cada punto de la misma el estado de aqu\u00e9l. Para ello contamos con nuestro principal activo \u201cEl equipo humano\u201d formado por agr\u00f3nomos, t\u00e9cnicos agr\u00edcolas, tecn\u00f3logos de los alimentos, ingenieros qu\u00edmicos e industriales, electro-mec\u00e1nicos; \u00a0y expertos en administraci\u00f3n, comercio internacional y mercados.<\/p>\n<p>El departamento agr\u00edcola, formado por un equipo t\u00e9cnico especializado en producci\u00f3n integrada, que asesora al agricultor y hace un seguimiento de todas las plantaciones.<\/p>\n<p>Desde este departamento de calidad, la direcci\u00f3n t\u00e9cnica, establece planes de mejoras continuas que garantizan la seguridad y legalidad en todo lo referido a Seguridad e Higiene y medio ambiente, todo ello en base al sistema APPCC, complementado con los requisitos exigidos en los sistemas de calidad BRC e IFS.<\/p>\n<p>De esta forma <strong>Semillas Sostenibles Ib\u00e9rica<\/strong> puede ofrecer a sus clientes un producto de alta calidad con garant\u00edas y seguridad alimentaria, cumpliendo con toda la legislaci\u00f3n vigente en materia de trazabilidad, Higiene, seguridad laboral, \u00e9tica empresarial y respeto al Medio ambiente.<\/p>\n<p><strong>Semillas Sostenibles Ib\u00e9rica<\/strong> tiene toda su producci\u00f3n acreditada por las certificadoras internacionales de calidad alimentaria BRC (British Retail Consortium), IFS (International Food Standard) , as\u00ed como la certificaci\u00f3n para la venta de quinoa ecol\u00f3gica.<\/p>\n<\/div>\n","protected":false},"excerpt":{"rendered":"<p>Desde Semillas Sostenibles Ib\u00e9rica\u00a0 aseguramos \u00a0la calidad y el servicio a nuestros clientes con lo que sometemos a un control exhaustivo al producto final, desde sus inicios en la producci\u00f3n agr\u00edcola (variedad, siembra, desarrollo del cultivo, recolecci\u00f3n), hasta el proceso industrial de transformaci\u00f3n, envasado, almacenaje y una coordinada log\u00edstica. Aseguramos en cualquier punto de la [&hellip;]<\/p>\n","protected":false},"author":2,"featured_media":0,"parent":0,"menu_order":0,"comment_status":"closed","ping_status":"closed","template":"","meta":{"ngg_post_thumbnail":0,"footnotes":""},"class_list":["post-338","page","type-page","status-publish","hentry"],"yoast_head":"<!-- This site is optimized with the Yoast SEO plugin v23.7 - https:\/\/yoast.com\/wordpress\/plugins\/seo\/ -->\n<title>Calidad - Semisur<\/title>\n<meta name=\"robots\" content=\"index, follow, max-snippet:-1, max-image-preview:large, max-video-preview:-1\" \/>\n<link rel=\"canonical\" href=\"https:\/\/www.ssiberica.es\/es\/calidad\/\" \/>\n<meta property=\"og:locale\" content=\"es_ES\" \/>\n<meta property=\"og:type\" content=\"article\" \/>\n<meta property=\"og:title\" content=\"Calidad - Semisur\" \/>\n<meta property=\"og:description\" content=\"Desde Semillas Sostenibles Ib\u00e9rica\u00a0 aseguramos \u00a0la calidad y el servicio a nuestros clientes con lo que sometemos a un control exhaustivo al producto final, desde sus inicios en la producci\u00f3n agr\u00edcola (variedad, siembra, desarrollo del cultivo, recolecci\u00f3n), hasta el proceso industrial de transformaci\u00f3n, envasado, almacenaje y una coordinada log\u00edstica. Aseguramos en cualquier punto de la [&hellip;]\" \/>\n<meta property=\"og:url\" content=\"https:\/\/www.ssiberica.es\/es\/calidad\/\" \/>\n<meta property=\"og:site_name\" content=\"Semisur\" \/>\n<meta property=\"article:modified_time\" content=\"2018-03-16T13:09:49+00:00\" \/>\n<meta property=\"og:image\" content=\"http:\/\/www.ssiberica.es\/es\/wp-content\/uploads\/2016\/05\/brc-food.png\" \/>\n<meta name=\"twitter:label1\" content=\"Tiempo de lectura\" \/>\n\t<meta name=\"twitter:data1\" content=\"1 minuto\" \/>\n<script type=\"application\/ld+json\" class=\"yoast-schema-graph\">{\"@context\":\"https:\/\/schema.org\",\"@graph\":[{\"@type\":\"WebPage\",\"@id\":\"https:\/\/www.ssiberica.es\/es\/calidad\/\",\"url\":\"https:\/\/www.ssiberica.es\/es\/calidad\/\",\"name\":\"Calidad - Semisur\",\"isPartOf\":{\"@id\":\"https:\/\/www.ssiberica.es\/es\/#website\"},\"primaryImageOfPage\":{\"@id\":\"https:\/\/www.ssiberica.es\/es\/calidad\/#primaryimage\"},\"image\":{\"@id\":\"https:\/\/www.ssiberica.es\/es\/calidad\/#primaryimage\"},\"thumbnailUrl\":\"http:\/\/www.ssiberica.es\/es\/wp-content\/uploads\/2016\/05\/brc-food.png\",\"datePublished\":\"2016-05-05T11:46:55+00:00\",\"dateModified\":\"2018-03-16T13:09:49+00:00\",\"breadcrumb\":{\"@id\":\"https:\/\/www.ssiberica.es\/es\/calidad\/#breadcrumb\"},\"inLanguage\":\"es\",\"potentialAction\":[{\"@type\":\"ReadAction\",\"target\":[\"https:\/\/www.ssiberica.es\/es\/calidad\/\"]}]},{\"@type\":\"ImageObject\",\"inLanguage\":\"es\",\"@id\":\"https:\/\/www.ssiberica.es\/es\/calidad\/#primaryimage\",\"url\":\"https:\/\/www.ssiberica.es\/es\/wp-content\/uploads\/2016\/05\/brc-food.png\",\"contentUrl\":\"https:\/\/www.ssiberica.es\/es\/wp-content\/uploads\/2016\/05\/brc-food.png\",\"width\":107,\"height\":163},{\"@type\":\"BreadcrumbList\",\"@id\":\"https:\/\/www.ssiberica.es\/es\/calidad\/#breadcrumb\",\"itemListElement\":[{\"@type\":\"ListItem\",\"position\":1,\"name\":\"Portada\",\"item\":\"https:\/\/www.ssiberica.es\/es\/\"},{\"@type\":\"ListItem\",\"position\":2,\"name\":\"Calidad\"}]},{\"@type\":\"WebSite\",\"@id\":\"https:\/\/www.ssiberica.es\/es\/#website\",\"url\":\"https:\/\/www.ssiberica.es\/es\/\",\"name\":\"Semisur\",\"description\":\"Semillas Sostenibles Ib\u00e9rica S.L.\",\"potentialAction\":[{\"@type\":\"SearchAction\",\"target\":{\"@type\":\"EntryPoint\",\"urlTemplate\":\"https:\/\/www.ssiberica.es\/es\/?s={search_term_string}\"},\"query-input\":{\"@type\":\"PropertyValueSpecification\",\"valueRequired\":true,\"valueName\":\"search_term_string\"}}],\"inLanguage\":\"es\"}]}<\/script>\n<!-- \/ Yoast SEO plugin. -->","yoast_head_json":{"title":"Calidad - Semisur","robots":{"index":"index","follow":"follow","max-snippet":"max-snippet:-1","max-image-preview":"max-image-preview:large","max-video-preview":"max-video-preview:-1"},"canonical":"https:\/\/www.ssiberica.es\/es\/calidad\/","og_locale":"es_ES","og_type":"article","og_title":"Calidad - Semisur","og_description":"Desde Semillas Sostenibles Ib\u00e9rica\u00a0 aseguramos \u00a0la calidad y el servicio a nuestros clientes con lo que sometemos a un control exhaustivo al producto final, desde sus inicios en la producci\u00f3n agr\u00edcola (variedad, siembra, desarrollo del cultivo, recolecci\u00f3n), hasta el proceso industrial de transformaci\u00f3n, envasado, almacenaje y una coordinada log\u00edstica. Aseguramos en cualquier punto de la [&hellip;]","og_url":"https:\/\/www.ssiberica.es\/es\/calidad\/","og_site_name":"Semisur","article_modified_time":"2018-03-16T13:09:49+00:00","og_image":[{"url":"http:\/\/www.ssiberica.es\/es\/wp-content\/uploads\/2016\/05\/brc-food.png"}],"twitter_misc":{"Tiempo de lectura":"1 minuto"},"schema":{"@context":"https:\/\/schema.org","@graph":[{"@type":"WebPage","@id":"https:\/\/www.ssiberica.es\/es\/calidad\/","url":"https:\/\/www.ssiberica.es\/es\/calidad\/","name":"Calidad - Semisur","isPartOf":{"@id":"https:\/\/www.ssiberica.es\/es\/#website"},"primaryImageOfPage":{"@id":"https:\/\/www.ssiberica.es\/es\/calidad\/#primaryimage"},"image":{"@id":"https:\/\/www.ssiberica.es\/es\/calidad\/#primaryimage"},"thumbnailUrl":"http:\/\/www.ssiberica.es\/es\/wp-content\/uploads\/2016\/05\/brc-food.png","datePublished":"2016-05-05T11:46:55+00:00","dateModified":"2018-03-16T13:09:49+00:00","breadcrumb":{"@id":"https:\/\/www.ssiberica.es\/es\/calidad\/#breadcrumb"},"inLanguage":"es","potentialAction":[{"@type":"ReadAction","target":["https:\/\/www.ssiberica.es\/es\/calidad\/"]}]},{"@type":"ImageObject","inLanguage":"es","@id":"https:\/\/www.ssiberica.es\/es\/calidad\/#primaryimage","url":"https:\/\/www.ssiberica.es\/es\/wp-content\/uploads\/2016\/05\/brc-food.png","contentUrl":"https:\/\/www.ssiberica.es\/es\/wp-content\/uploads\/2016\/05\/brc-food.png","width":107,"height":163},{"@type":"BreadcrumbList","@id":"https:\/\/www.ssiberica.es\/es\/calidad\/#breadcrumb","itemListElement":[{"@type":"ListItem","position":1,"name":"Portada","item":"https:\/\/www.ssiberica.es\/es\/"},{"@type":"ListItem","position":2,"name":"Calidad"}]},{"@type":"WebSite","@id":"https:\/\/www.ssiberica.es\/es\/#website","url":"https:\/\/www.ssiberica.es\/es\/","name":"Semisur","description":"Semillas Sostenibles Ib\u00e9rica S.L.","potentialAction":[{"@type":"SearchAction","target":{"@type":"EntryPoint","urlTemplate":"https:\/\/www.ssiberica.es\/es\/?s={search_term_string}"},"query-input":{"@type":"PropertyValueSpecification","valueRequired":true,"valueName":"search_term_string"}}],"inLanguage":"es"}]}},"_links":{"self":[{"href":"https:\/\/www.ssiberica.es\/es\/wp-json\/wp\/v2\/pages\/338"}],"collection":[{"href":"https:\/\/www.ssiberica.es\/es\/wp-json\/wp\/v2\/pages"}],"about":[{"href":"https:\/\/www.ssiberica.es\/es\/wp-json\/wp\/v2\/types\/page"}],"author":[{"embeddable":true,"href":"https:\/\/www.ssiberica.es\/es\/wp-json\/wp\/v2\/users\/2"}],"replies":[{"embeddable":true,"href":"https:\/\/www.ssiberica.es\/es\/wp-json\/wp\/v2\/comments?post=338"}],"version-history":[{"count":5,"href":"https:\/\/www.ssiberica.es\/es\/wp-json\/wp\/v2\/pages\/338\/revisions"}],"predecessor-version":[{"id":677,"href":"https:\/\/www.ssiberica.es\/es\/wp-json\/wp\/v2\/pages\/338\/revisions\/677"}],"wp:attachment":[{"href":"https:\/\/www.ssiberica.es\/es\/wp-json\/wp\/v2\/media?parent=338"}],"curies":[{"name":"wp","href":"https:\/\/api.w.org\/{rel}","templated":true}]}}