{"id":390,"date":"2016-05-10T12:27:26","date_gmt":"2016-05-10T10:27:26","guid":{"rendered":"http:\/\/www.ssiberica.es\/es\/?page_id=390"},"modified":"2016-08-01T14:01:10","modified_gmt":"2016-08-01T12:01:10","slug":"girasol-pipa-blanca","status":"publish","type":"page","link":"https:\/\/www.ssiberica.es\/es\/nuestra-actividad\/agroalimentacion\/girasol-pipa-blanca\/","title":{"rendered":"Girasol de pipa blanca"},"content":{"rendered":"<div class=\"one_third\"><img loading=\"lazy\" decoding=\"async\" class=\"alignnone size-full wp-image-149\" src=\"http:\/\/www.ssiberica.es\/es\/wp-content\/uploads\/2016\/02\/productos03.jpg\" alt=\"productos03\" width=\"300\" height=\"300\" srcset=\"https:\/\/www.ssiberica.es\/es\/wp-content\/uploads\/2016\/02\/productos03.jpg 300w, https:\/\/www.ssiberica.es\/es\/wp-content\/uploads\/2016\/02\/productos03-150x150.jpg 150w\" sizes=\"(max-width: 300px) 100vw, 300px\" \/><\/div>\n<div class=\"two_thirds last\"><strong>Semillas Sostenibles Ib\u00e9rica<\/strong> centra su esfuerzo en la consolidaci\u00f3n de la producci\u00f3n de girasol de pipa blanca en el territorio nacional as\u00ed como implantar una estricta filosof\u00eda de calidad para ofrecer al mercado no s\u00f3lo lo que demanda sino con la trazabilidad necesaria para garantizar la seguridad alimentaria de todos., completado con los requisitos exigidos en los sistemas de calidad <strong>BRC e IFS<\/strong>.El proyecto no s\u00f3lo de implantaci\u00f3n sino de investigaci\u00f3n, se caracteriza por la b\u00fasqueda de variedades de girasol de pipa blanca que mejor se adapten a las condiciones de nuestra zona, una pipa de girasol comestible que responda a las exigencias m\u00e1s altas de los transformadores y consumidores: producci\u00f3n, calibres, trazabilidad, certificaciones,\u2026<\/p>\n<\/div>\n<div class=\"clear\"><\/div>\n<div class=\"dos-columnas\">\n<p><em>Helianthus annuus<\/em>, como se le conoce cient\u00edficamente, significa en griego \u00abflor que gira con el sol\u00bb. Es una planta de origen norteamericano y su cultivo se remonta a la era precolombina, habi\u00e9ndose encontrado evidencias arqueol\u00f3gicas que revelan que su cultivo comenz\u00f3 en Arizona\u00a0 y Nuevo M\u00e9jico hace m\u00e1s de 5.000 a\u00f1os.<\/p>\n<p>Los nativos americanos utilizaban el girasol para varios fines. Consum\u00edan las semillas enteras, preparaban harinas con las que despu\u00e9s cocinaban unas tortas e incluso utilizaban los pigmentos naturales de esta planta para preparar tintes para la ropa o para el cuerpo.<\/p>\n<p>La introducci\u00f3n en Europa se hizo probablemente desde M\u00e9jico por los primeros colones espa\u00f1oles (poco despu\u00e9s del descubrimiento de Am\u00e9rica). Desde Espa\u00f1a se difundi\u00f3 por toda Europa, utiliz\u00e1ndose en aquellos tiempos como planta ornamental en jardines reales.<\/p>\n<p>La producci\u00f3n de aceite de girasol comenz\u00f3 en 1830 en Rusia y fue en este pa\u00eds donde se desarrollaron las variedades de c\u00e1scara negra y alto contenido graso durante los a\u00f1os 40 y 50 del siglo pasado.<\/p>\n<p>En la d\u00e9cada de los 60, el girasol de c\u00e1scara negra llega a Europa occidental y Estados Unidos, procedente de Rusia y comienza as\u00ed el r\u00e1pido desarrollo del girasol industrial en el mundo occidental<\/p>\n<\/div>\n<div class=\"margen-1\"><\/div>\n<p><img loading=\"lazy\" decoding=\"async\" class=\"aligncenter size-full wp-image-333\" src=\"http:\/\/www.ssiberica.es\/es\/wp-content\/uploads\/2016\/03\/girasol.jpg\" alt=\"girasol\" width=\"1140\" height=\"350\" srcset=\"https:\/\/www.ssiberica.es\/es\/wp-content\/uploads\/2016\/03\/girasol.jpg 1140w, https:\/\/www.ssiberica.es\/es\/wp-content\/uploads\/2016\/03\/girasol-300x92.jpg 300w, https:\/\/www.ssiberica.es\/es\/wp-content\/uploads\/2016\/03\/girasol-768x236.jpg 768w, https:\/\/www.ssiberica.es\/es\/wp-content\/uploads\/2016\/03\/girasol-1024x314.jpg 1024w\" sizes=\"(max-width: 1140px) 100vw, 1140px\" \/><\/p>\n<div class=\"margen-1\"><\/div>\n<div class=\"dos-columnas\">\n<p>Hoy, adem\u00e1s de la producci\u00f3n de aceite a partir de la semilla de girasol, la popularidad de la pipa de girasol consumida como snacks no se debe s\u00f3lo a un hecho cultural sino tambi\u00e9n nutricional convirti\u00e9ndose , \u00a0en un ingrediente que gana m\u00e1s y m\u00e1s popularidad en la gastronom\u00eda. \u00a0Se debe fundamentalmente a sus caracter\u00edsticas nutricionales ya que es una de las mejores fuentes de antioxidantes, especialmente en Vitamina E que \u00a0protege de enfermedades coronarias al eliminar a los radicales libres. La mayor parte de la vitamina E en las semillas de girasol se encuentra en la forma de alpha-tocoferol, que es la forma activa biol\u00f3gica m\u00e1s beneficiosa.<\/p>\n<p>Una raci\u00f3n de 25 gramos de semillas de girasol proporciona\u00a0 cantidades importantes de las necesidades diarias de Selenio, otro antioxidante, que trabaja conjuntamente con la vitamina E para proteger las c\u00e9lulas de enfermedades coronarias y procesos cancer\u00edgenos.<\/p>\n<p>Adem\u00e1s , las pipas de girasol, contienen un mineral importante, el Cobre, que \u00a0interviene en el transporte de los gl\u00f3bulos rojos y tambi\u00e9n forma parte fundamental de las enzimas antioxidantes \u00a0que evitan el estr\u00e9s oxidativo en nuestro cuerpo.<\/p>\n<p>Fundamental es considerar en la pipa de girasol el \u00a0tipo de grasa. Contiene cantidades importantes de tanto \u00e1cidos grasos monoinsaturados\u00a0 como\u00a0 poliinsaturados, ambos beneficiosos para la salud ya que ayuda a reducir los niveles de colesterol y triglic\u00e9ridos en sangre, con lo que contribuye a reducir el riesgo de enfermedades asociadas a riesgo cardiovascular.<\/p>\n<p>Es una importante fuente de prote\u00ednas, hidratos de carbono y\u00a0 fibra.<\/p>\n<p>En cuanto a otros nutrientes, destaca su aporte de minerales como magnesio, hierro y f\u00f3sforo, la tiamina o B1 , y la niacina<\/p>\n<\/div>\n<div class=\"margen-1\"><\/div>\n<div class=\"datagrid\">\n<table>\n<thead>\n<tr>\n<th>Nutriente<\/th>\n<th>Unidad<\/th>\n<th>Valor por 100 gr.<\/th>\n<\/tr>\n<\/thead>\n<tbody>\n<tr>\n<td>Energ\u00eda<\/td>\n<td>Kcal<\/td>\n<td>564,37<\/td>\n<\/tr>\n<tr class=\"alt\">\n<td>Prote\u00ednas<\/td>\n<td>g<\/td>\n<td>21,16<\/td>\n<\/tr>\n<tr>\n<td>L\u00edpidos totales<\/td>\n<td>g<\/td>\n<td>49,38<\/td>\n<\/tr>\n<tr class=\"alt\">\n<td>AG saturados (g)<\/td>\n<td>g<\/td>\n<td>7,05<\/td>\n<\/tr>\n<tr>\n<td>AG monoinsaturados (g)<\/td>\n<td>g<\/td>\n<td>10,58<\/td>\n<\/tr>\n<tr class=\"alt\">\n<td>AG poliinsaturados (g)<\/td>\n<td>g<\/td>\n<td>31,74<\/td>\n<\/tr>\n<tr>\n<td>Colesterol<\/td>\n<td>mg\/1000 kcal<\/td>\n<td>0<\/td>\n<\/tr>\n<tr class=\"alt\">\n<td>Hidratos de carbono<\/td>\n<td>g<\/td>\n<td>17,6<\/td>\n<\/tr>\n<tr>\n<td>Fibra<\/td>\n<td>g<\/td>\n<td>14,10<\/td>\n<\/tr>\n<tr class=\"alt\">\n<td>Calcio<\/td>\n<td>mg<\/td>\n<td>116,40<\/td>\n<\/tr>\n<tr>\n<td>Hierro<\/td>\n<td>mg<\/td>\n<td>6,7<\/td>\n<\/tr>\n<tr class=\"alt\">\n<td>Magnesio<\/td>\n<td>mg<\/td>\n<td>366,8<\/td>\n<\/tr>\n<tr>\n<td>Zinc<\/td>\n<td>mg<\/td>\n<td>4,93<\/td>\n<\/tr>\n<tr class=\"alt\">\n<td>Sodio<\/td>\n<td>mg<\/td>\n<td>7,05<\/td>\n<\/tr>\n<tr>\n<td>Selenio<\/td>\n<td>\u00b5g<\/td>\n<td>49<\/td>\n<\/tr>\n<tr class=\"alt\">\n<td>Tiamina<\/td>\n<td>mg<\/td>\n<td>2,29<\/td>\n<\/tr>\n<tr>\n<td>Riboflavina<\/td>\n<td>mg<\/td>\n<td>0,24<\/td>\n<\/tr>\n<tr class=\"alt\">\n<td>Niacina<\/td>\n<td>mg<\/td>\n<td>4,58<\/td>\n<\/tr>\n<tr>\n<td>Folatos<\/td>\n<td>\u00b5g<\/td>\n<td>227,5<\/td>\n<\/tr>\n<tr class=\"alt\">\n<td>Vitamina E (mg)<\/td>\n<td>mg<\/td>\n<td>40<\/td>\n<\/tr>\n<\/tbody>\n<\/table>\n<\/div>\n<p><em>Fuente : USDA Nutrient Database for Standard reference, release 17(2004). Nutrient Data Laboratory Home Page.<\/em><\/p>\n<p><strong>Semillas Sostenibles Ib\u00e9rica tiene toda su producci\u00f3n acreditada por las certificadoras internacionales de calidad alimentaria BRC (British Retail Consortium), IFS (International Food Standard).<\/strong><\/p>\n","protected":false},"excerpt":{"rendered":"<p>Semillas Sostenibles Ib\u00e9rica centra su esfuerzo en la consolidaci\u00f3n de la producci\u00f3n de girasol de pipa blanca en el territorio nacional as\u00ed como implantar una estricta filosof\u00eda de calidad para ofrecer al mercado no s\u00f3lo lo que demanda sino con la trazabilidad necesaria para garantizar la seguridad alimentaria de todos., completado con los requisitos exigidos [&hellip;]<\/p>\n","protected":false},"author":2,"featured_media":0,"parent":139,"menu_order":0,"comment_status":"closed","ping_status":"closed","template":"","meta":{"ngg_post_thumbnail":0,"footnotes":""},"class_list":["post-390","page","type-page","status-publish","hentry"],"yoast_head":"<!-- This site is optimized with the Yoast SEO plugin v23.7 - https:\/\/yoast.com\/wordpress\/plugins\/seo\/ -->\n<title>Girasol de pipa blanca - Semisur<\/title>\n<meta name=\"robots\" content=\"index, follow, max-snippet:-1, max-image-preview:large, max-video-preview:-1\" \/>\n<link rel=\"canonical\" href=\"https:\/\/www.ssiberica.es\/es\/nuestra-actividad\/agroalimentacion\/girasol-pipa-blanca\/\" \/>\n<meta property=\"og:locale\" content=\"es_ES\" \/>\n<meta property=\"og:type\" content=\"article\" \/>\n<meta property=\"og:title\" content=\"Girasol de pipa blanca - Semisur\" \/>\n<meta property=\"og:description\" content=\"Semillas Sostenibles Ib\u00e9rica centra su esfuerzo en la consolidaci\u00f3n de la producci\u00f3n de girasol de pipa blanca en el territorio nacional as\u00ed como implantar una estricta filosof\u00eda de calidad para ofrecer al mercado no s\u00f3lo lo que demanda sino con la trazabilidad necesaria para garantizar la seguridad alimentaria de todos., completado con los requisitos exigidos [&hellip;]\" \/>\n<meta property=\"og:url\" content=\"https:\/\/www.ssiberica.es\/es\/nuestra-actividad\/agroalimentacion\/girasol-pipa-blanca\/\" \/>\n<meta property=\"og:site_name\" content=\"Semisur\" \/>\n<meta property=\"article:modified_time\" content=\"2016-08-01T12:01:10+00:00\" \/>\n<meta property=\"og:image\" content=\"http:\/\/www.ssiberica.es\/es\/wp-content\/uploads\/2016\/02\/productos03.jpg\" \/>\n<meta name=\"twitter:label1\" content=\"Tiempo de lectura\" \/>\n\t<meta name=\"twitter:data1\" content=\"4 minutos\" \/>\n<script type=\"application\/ld+json\" class=\"yoast-schema-graph\">{\"@context\":\"https:\/\/schema.org\",\"@graph\":[{\"@type\":\"WebPage\",\"@id\":\"https:\/\/www.ssiberica.es\/es\/nuestra-actividad\/agroalimentacion\/girasol-pipa-blanca\/\",\"url\":\"https:\/\/www.ssiberica.es\/es\/nuestra-actividad\/agroalimentacion\/girasol-pipa-blanca\/\",\"name\":\"Girasol de pipa blanca - Semisur\",\"isPartOf\":{\"@id\":\"https:\/\/www.ssiberica.es\/es\/#website\"},\"primaryImageOfPage\":{\"@id\":\"https:\/\/www.ssiberica.es\/es\/nuestra-actividad\/agroalimentacion\/girasol-pipa-blanca\/#primaryimage\"},\"image\":{\"@id\":\"https:\/\/www.ssiberica.es\/es\/nuestra-actividad\/agroalimentacion\/girasol-pipa-blanca\/#primaryimage\"},\"thumbnailUrl\":\"http:\/\/www.ssiberica.es\/es\/wp-content\/uploads\/2016\/02\/productos03.jpg\",\"datePublished\":\"2016-05-10T10:27:26+00:00\",\"dateModified\":\"2016-08-01T12:01:10+00:00\",\"breadcrumb\":{\"@id\":\"https:\/\/www.ssiberica.es\/es\/nuestra-actividad\/agroalimentacion\/girasol-pipa-blanca\/#breadcrumb\"},\"inLanguage\":\"es\",\"potentialAction\":[{\"@type\":\"ReadAction\",\"target\":[\"https:\/\/www.ssiberica.es\/es\/nuestra-actividad\/agroalimentacion\/girasol-pipa-blanca\/\"]}]},{\"@type\":\"ImageObject\",\"inLanguage\":\"es\",\"@id\":\"https:\/\/www.ssiberica.es\/es\/nuestra-actividad\/agroalimentacion\/girasol-pipa-blanca\/#primaryimage\",\"url\":\"https:\/\/www.ssiberica.es\/es\/wp-content\/uploads\/2016\/02\/productos03.jpg\",\"contentUrl\":\"https:\/\/www.ssiberica.es\/es\/wp-content\/uploads\/2016\/02\/productos03.jpg\",\"width\":300,\"height\":300},{\"@type\":\"BreadcrumbList\",\"@id\":\"https:\/\/www.ssiberica.es\/es\/nuestra-actividad\/agroalimentacion\/girasol-pipa-blanca\/#breadcrumb\",\"itemListElement\":[{\"@type\":\"ListItem\",\"position\":1,\"name\":\"Portada\",\"item\":\"https:\/\/www.ssiberica.es\/es\/\"},{\"@type\":\"ListItem\",\"position\":2,\"name\":\"Nuestra actividad\",\"item\":\"https:\/\/www.ssiberica.es\/es\/nuestra-actividad\/\"},{\"@type\":\"ListItem\",\"position\":3,\"name\":\"Agroalimentaci\u00f3n\",\"item\":\"https:\/\/www.ssiberica.es\/es\/nuestra-actividad\/agroalimentacion\/\"},{\"@type\":\"ListItem\",\"position\":4,\"name\":\"Girasol de pipa blanca\"}]},{\"@type\":\"WebSite\",\"@id\":\"https:\/\/www.ssiberica.es\/es\/#website\",\"url\":\"https:\/\/www.ssiberica.es\/es\/\",\"name\":\"Semisur\",\"description\":\"Semillas Sostenibles Ib\u00e9rica S.L.\",\"potentialAction\":[{\"@type\":\"SearchAction\",\"target\":{\"@type\":\"EntryPoint\",\"urlTemplate\":\"https:\/\/www.ssiberica.es\/es\/?s={search_term_string}\"},\"query-input\":{\"@type\":\"PropertyValueSpecification\",\"valueRequired\":true,\"valueName\":\"search_term_string\"}}],\"inLanguage\":\"es\"}]}<\/script>\n<!-- \/ Yoast SEO plugin. -->","yoast_head_json":{"title":"Girasol de pipa blanca - Semisur","robots":{"index":"index","follow":"follow","max-snippet":"max-snippet:-1","max-image-preview":"max-image-preview:large","max-video-preview":"max-video-preview:-1"},"canonical":"https:\/\/www.ssiberica.es\/es\/nuestra-actividad\/agroalimentacion\/girasol-pipa-blanca\/","og_locale":"es_ES","og_type":"article","og_title":"Girasol de pipa blanca - Semisur","og_description":"Semillas Sostenibles Ib\u00e9rica centra su esfuerzo en la consolidaci\u00f3n de la producci\u00f3n de girasol de pipa blanca en el territorio nacional as\u00ed como implantar una estricta filosof\u00eda de calidad para ofrecer al mercado no s\u00f3lo lo que demanda sino con la trazabilidad necesaria para garantizar la seguridad alimentaria de todos., completado con los requisitos exigidos [&hellip;]","og_url":"https:\/\/www.ssiberica.es\/es\/nuestra-actividad\/agroalimentacion\/girasol-pipa-blanca\/","og_site_name":"Semisur","article_modified_time":"2016-08-01T12:01:10+00:00","og_image":[{"url":"http:\/\/www.ssiberica.es\/es\/wp-content\/uploads\/2016\/02\/productos03.jpg"}],"twitter_misc":{"Tiempo de lectura":"4 minutos"},"schema":{"@context":"https:\/\/schema.org","@graph":[{"@type":"WebPage","@id":"https:\/\/www.ssiberica.es\/es\/nuestra-actividad\/agroalimentacion\/girasol-pipa-blanca\/","url":"https:\/\/www.ssiberica.es\/es\/nuestra-actividad\/agroalimentacion\/girasol-pipa-blanca\/","name":"Girasol de pipa blanca - Semisur","isPartOf":{"@id":"https:\/\/www.ssiberica.es\/es\/#website"},"primaryImageOfPage":{"@id":"https:\/\/www.ssiberica.es\/es\/nuestra-actividad\/agroalimentacion\/girasol-pipa-blanca\/#primaryimage"},"image":{"@id":"https:\/\/www.ssiberica.es\/es\/nuestra-actividad\/agroalimentacion\/girasol-pipa-blanca\/#primaryimage"},"thumbnailUrl":"http:\/\/www.ssiberica.es\/es\/wp-content\/uploads\/2016\/02\/productos03.jpg","datePublished":"2016-05-10T10:27:26+00:00","dateModified":"2016-08-01T12:01:10+00:00","breadcrumb":{"@id":"https:\/\/www.ssiberica.es\/es\/nuestra-actividad\/agroalimentacion\/girasol-pipa-blanca\/#breadcrumb"},"inLanguage":"es","potentialAction":[{"@type":"ReadAction","target":["https:\/\/www.ssiberica.es\/es\/nuestra-actividad\/agroalimentacion\/girasol-pipa-blanca\/"]}]},{"@type":"ImageObject","inLanguage":"es","@id":"https:\/\/www.ssiberica.es\/es\/nuestra-actividad\/agroalimentacion\/girasol-pipa-blanca\/#primaryimage","url":"https:\/\/www.ssiberica.es\/es\/wp-content\/uploads\/2016\/02\/productos03.jpg","contentUrl":"https:\/\/www.ssiberica.es\/es\/wp-content\/uploads\/2016\/02\/productos03.jpg","width":300,"height":300},{"@type":"BreadcrumbList","@id":"https:\/\/www.ssiberica.es\/es\/nuestra-actividad\/agroalimentacion\/girasol-pipa-blanca\/#breadcrumb","itemListElement":[{"@type":"ListItem","position":1,"name":"Portada","item":"https:\/\/www.ssiberica.es\/es\/"},{"@type":"ListItem","position":2,"name":"Nuestra actividad","item":"https:\/\/www.ssiberica.es\/es\/nuestra-actividad\/"},{"@type":"ListItem","position":3,"name":"Agroalimentaci\u00f3n","item":"https:\/\/www.ssiberica.es\/es\/nuestra-actividad\/agroalimentacion\/"},{"@type":"ListItem","position":4,"name":"Girasol de pipa blanca"}]},{"@type":"WebSite","@id":"https:\/\/www.ssiberica.es\/es\/#website","url":"https:\/\/www.ssiberica.es\/es\/","name":"Semisur","description":"Semillas Sostenibles Ib\u00e9rica S.L.","potentialAction":[{"@type":"SearchAction","target":{"@type":"EntryPoint","urlTemplate":"https:\/\/www.ssiberica.es\/es\/?s={search_term_string}"},"query-input":{"@type":"PropertyValueSpecification","valueRequired":true,"valueName":"search_term_string"}}],"inLanguage":"es"}]}},"_links":{"self":[{"href":"https:\/\/www.ssiberica.es\/es\/wp-json\/wp\/v2\/pages\/390"}],"collection":[{"href":"https:\/\/www.ssiberica.es\/es\/wp-json\/wp\/v2\/pages"}],"about":[{"href":"https:\/\/www.ssiberica.es\/es\/wp-json\/wp\/v2\/types\/page"}],"author":[{"embeddable":true,"href":"https:\/\/www.ssiberica.es\/es\/wp-json\/wp\/v2\/users\/2"}],"replies":[{"embeddable":true,"href":"https:\/\/www.ssiberica.es\/es\/wp-json\/wp\/v2\/comments?post=390"}],"version-history":[{"count":5,"href":"https:\/\/www.ssiberica.es\/es\/wp-json\/wp\/v2\/pages\/390\/revisions"}],"predecessor-version":[{"id":662,"href":"https:\/\/www.ssiberica.es\/es\/wp-json\/wp\/v2\/pages\/390\/revisions\/662"}],"up":[{"embeddable":true,"href":"https:\/\/www.ssiberica.es\/es\/wp-json\/wp\/v2\/pages\/139"}],"wp:attachment":[{"href":"https:\/\/www.ssiberica.es\/es\/wp-json\/wp\/v2\/media?parent=390"}],"curies":[{"name":"wp","href":"https:\/\/api.w.org\/{rel}","templated":true}]}}