{"id":392,"date":"2016-05-10T12:27:55","date_gmt":"2016-05-10T10:27:55","guid":{"rendered":"http:\/\/www.ssiberica.es\/es\/?page_id=392"},"modified":"2016-08-01T13:59:05","modified_gmt":"2016-08-01T11:59:05","slug":"quinoa-2","status":"publish","type":"page","link":"https:\/\/www.ssiberica.es\/es\/nuestra-actividad\/agroalimentacion\/quinoa-2\/","title":{"rendered":"Quinoa"},"content":{"rendered":"<div class=\"two_thirds\">Tras a\u00f1os de investigaci\u00f3n, <strong>Semillas Sostenibles Ib\u00e9rica<\/strong> ha sido capaz de adaptar variedades de quinoa a nuestro clima consiguiendo no s\u00f3lo altas producciones sino la fiabilidad en cuanto a suministro y calidad que el mercado demanda. Este proyecto integrado permite a los transformadores y consumidores abastecerse de materia prima producida en Espa\u00f1a.<\/p>\n<div class=\"one_half\">\n<h3>Clases de quinoa<\/h3>\n<ul>\n<li>Blanca convencional<\/li>\n<li>Blanca ecol\u00f3gica<\/li>\n<li>Roja<\/li>\n<\/ul>\n<\/div>\n<div class=\"one_half last\">\n<h3>Formatos<\/h3>\n<p>Tenemos la f\u00e1brica acondicionada para envasar en los siguiente formatos:<\/p>\n<ul>\n<li>Big bag de 1.000 kg<\/li>\n<li>Sacos de 25 kg<\/li>\n<li>Paquetes de 1-3kg<\/li>\n<li>Paquetes de 250 gr a 500 kg<\/li>\n<\/ul>\n<\/div>\n<div class=\"clear\"><\/div>\n<\/div>\n<div class=\"one_third last\">\n<div class=\"margen-1\"><\/div>\n<p><img loading=\"lazy\" decoding=\"async\" class=\"aligncenter size-full wp-image-229\" src=\"http:\/\/www.ssiberica.es\/es\/wp-content\/uploads\/2016\/03\/quinoa.jpg\" alt=\"quinoa\" width=\"400\" height=\"400\" srcset=\"https:\/\/www.ssiberica.es\/es\/wp-content\/uploads\/2016\/03\/quinoa.jpg 400w, https:\/\/www.ssiberica.es\/es\/wp-content\/uploads\/2016\/03\/quinoa-150x150.jpg 150w, https:\/\/www.ssiberica.es\/es\/wp-content\/uploads\/2016\/03\/quinoa-300x300.jpg 300w\" sizes=\"(max-width: 400px) 100vw, 400px\" \/><\/p>\n<\/div>\n<div class=\"clear\"><\/div>\n<div class=\"dos-columnas\">La madre de todos los cereales, el arroz inca, superalimento, cereal madre, el grano sagrado, estos ha sido algunos\u00a0de los tantos nombres que se ha llevado este grano originariamente andino: la quinoa. La quinoa (Chenopodium quinoa Willd) es una planta amarant\u00e1cea ampliamente cultivada en zonas andinas y subtropicales hace alrededor de 7.000 a\u00f1os que ha sido recocida por siglos como un importante cultivo alimenticio en los pueblos Andinos y recientemente de otros pueblos en Europa y Am\u00e9rica del Norte. La historia del mismo y sus caracter\u00edsticas nutritivas hicieron que la FAO nombrase el a\u00f1o 2013 como el a\u00f1o internacional de la quinoa. Lo que hace tan especial este grano, hasta ahora desconocido para algunos, es la importante cantidad de prote\u00ednas y compuestos bioactivos superando en valor biol\u00f3gico a los tradiciones cereales.Es un alimento apto para cel\u00edacos dado su alto contenido en fibras y la ausencia de gluten. Pero adem\u00e1s dadas sus caracter\u00edsticas es un alimento ideal para vegetarianos, veganos, deportistas, diab\u00e9ticos.<\/p>\n<\/div>\n<div class=\"margen-2\"><\/div>\n<div class=\"linea-gris\"><\/div>\n<div class=\"margen-2\"><\/div>\n<h3>Contiene todos los amino\u00e1cidos esenciales:<\/h3>\n<div class=\"one_half\">\n<ul>\n<li><strong>Lisina:<\/strong> Favorece el crecimiento y desarrollo de los huesos.<\/li>\n<li><strong>Arginina:<\/strong> Reduce de grasa corporal, mejor recuperaci\u00f3n y cicatrizaci\u00f3n de heridas y un mayor incremento de la masa muscular.<\/li>\n<li><strong>Fenilalanina:<\/strong> Es importante en los procesos de aprendizaje, memoria, control de apetito, recuperaci\u00f3n y desarrollo de tejidos, sistema inmunol\u00f3gico, control del dolor.<\/li>\n<li><strong>Metionina:<\/strong> Parte de sus funciones son las de remover del h\u00edgado residuos de procesos metab\u00f3licos, ayudar a reducir las grasas y a evitar el dep\u00f3sito de grasas en arterias y en el h\u00edgado.<\/li>\n<li><strong>Histidina:<\/strong> Importante en el crecimiento y reparaci\u00f3n de tejidos, en la formaci\u00f3n de gl\u00f3bulos blancos y rojos. Tambi\u00e9n tiene propiedades antiinflamatorias. Para atletas la Histidina es un amino\u00e1cido esencial debido a que \u00e9stos experimentan una gran tasa de crecimiento y destrucci\u00f3n del tejido.<\/li>\n<\/ul>\n<\/div>\n<div class=\"one_half last\">\n<ul>\n<li><strong>Tript\u00f3fano:<\/strong> Ayuda a controlar el normal ciclo de sue\u00f1o y tiene propiedades antidepresivas. Los atletas lo utilizan porque incrementa los niveles de somatotropina permitiendo ganar masa muscular magra. Tambi\u00e9n se ha reportado un incremento de la resistencia.<\/li>\n<li><strong>Leucina:<\/strong> Estudios en atletas han reportado un crecimiento en el tama\u00f1o muscular y tambi\u00e9n mayor resistencia.<\/li>\n<li><strong>Valina:<\/strong> Conseguir energ\u00eda por los m\u00fasculos en ejercitaci\u00f3n. Posibilita un balance de nitr\u00f3geno positivo e interviene en el metabolismo muscular y en la reparaci\u00f3n de tejidos.<\/li>\n<li><strong>Isoleucina:<\/strong> Puede ser usado para conseguir energ\u00eda por los m\u00fasculos en ejercitaci\u00f3n. Regula el az\u00facar en la sangre y es metabolizado para conseguir energ\u00eda en el tejido muscular.<\/li>\n<li><strong>Treonina:<\/strong> Un componente importante del col\u00e1geno, esmalte dental y tejidos. Tambi\u00e9n le han encontrado propiedades antidepresivas.<\/li>\n<\/ul>\n<\/div>\n<div class=\"clear\"><\/div>\n<div class=\"margen-1\"><\/div>\n<p><img loading=\"lazy\" decoding=\"async\" class=\"aligncenter size-full wp-image-329\" src=\"http:\/\/www.ssiberica.es\/es\/wp-content\/uploads\/2016\/03\/campo-quinoa.jpg\" alt=\"campo-quinoa\" width=\"1140\" height=\"320\" srcset=\"https:\/\/www.ssiberica.es\/es\/wp-content\/uploads\/2016\/03\/campo-quinoa.jpg 1140w, https:\/\/www.ssiberica.es\/es\/wp-content\/uploads\/2016\/03\/campo-quinoa-300x84.jpg 300w, https:\/\/www.ssiberica.es\/es\/wp-content\/uploads\/2016\/03\/campo-quinoa-768x216.jpg 768w, https:\/\/www.ssiberica.es\/es\/wp-content\/uploads\/2016\/03\/campo-quinoa-1024x287.jpg 1024w\" sizes=\"(max-width: 1140px) 100vw, 1140px\" \/><\/p>\n<div class=\"margen-1\"><\/div>\n<div class=\"one_half\">\n<h3>Composici\u00f3n nutricional<\/h3>\n<p>Contenido de almid\u00f3n y fibra dietaria alrededor de 60% y 13 % respectivamente, contenido en aceites entre 4.5-8.7%, siendo la proporci\u00f3n de estos: 24% oleico, 54% linoleico y 4% alfa-linoleico. Igualmente la quinoa es considerada una buena fuente de riboflavina,tiamina,\u00e1cido f\u00f3lico,alfa y y-tocoferol, as\u00ed como tambi\u00e9n cuenta con un mayor contenido de calcio, fosforo magnesio,hierro,zinc,potasio y cobre en comparaci\u00f3n con otros granos.<\/p>\n<\/div>\n<div class=\"one_half last\">\n<h3>Libre de gluten<\/h3>\n<p>Tiene adem\u00e1s un contenido de l\u00edpidos superior al de los cereales y un alto porcentaje de \u00e1cidos grasos no-saturados.<br \/>\nAlto contenido en fibra diet\u00e9tica y en vitaminas ( A,B2,E)<br \/>\nImportante fuente de minerales ( Calcio, magnesio,hierro, f\u00f3sforo)<\/p>\n<\/div>\n<div class=\"clear\"><\/div>\n<div class=\"datagrid\">\n<table>\n<thead>\n<tr>\n<th>Nutriente<\/th>\n<th>Unidad<\/th>\n<th>Valor por 100 gr.<\/th>\n<\/tr>\n<\/thead>\n<tbody>\n<tr>\n<td>Agua<\/td>\n<td>g<\/td>\n<td>13,28<\/td>\n<\/tr>\n<tr class=\"alt\">\n<td>Energ\u00eda<\/td>\n<td>kcal<\/td>\n<td>368<\/td>\n<\/tr>\n<tr>\n<td>Energ\u00eda<\/td>\n<td>kJ<\/td>\n<td>1539<\/td>\n<\/tr>\n<tr class=\"alt\">\n<td>Prote\u00edna<\/td>\n<td>g<\/td>\n<td>14,12<\/td>\n<\/tr>\n<tr>\n<td>L\u00edpidos totales<\/td>\n<td>g<\/td>\n<td>6,07<\/td>\n<\/tr>\n<tr class=\"alt\">\n<td>Cenizas<\/td>\n<td>g<\/td>\n<td>2,38<\/td>\n<\/tr>\n<tr>\n<td>Carbohidratosmpor diferencia<\/td>\n<td>g<\/td>\n<td>64,16<\/td>\n<\/tr>\n<tr class=\"alt\">\n<td>Fibra, total doiertaria<\/td>\n<td>g<\/td>\n<td>7<\/td>\n<\/tr>\n<tr>\n<td>Almid\u00f3n<\/td>\n<td>g<\/td>\n<td>52,22<\/td>\n<\/tr>\n<tr class=\"alt\">\n<td>Calcio<\/td>\n<td>mg<\/td>\n<td>47<\/td>\n<\/tr>\n<tr>\n<td>Hierro<\/td>\n<td>mg<\/td>\n<td>4,57<\/td>\n<\/tr>\n<tr class=\"alt\">\n<td>Magnesio<\/td>\n<td>mg<\/td>\n<td>197<\/td>\n<\/tr>\n<tr>\n<td>F\u00f3sforo<\/td>\n<td>mg<\/td>\n<td>457<\/td>\n<\/tr>\n<tr class=\"alt\">\n<td>Potasio<\/td>\n<td>mg<\/td>\n<td>563<\/td>\n<\/tr>\n<tr>\n<td>Sodio<\/td>\n<td>mg<\/td>\n<td>5<\/td>\n<\/tr>\n<tr class=\"alt\">\n<td>Zinc<\/td>\n<td>mg<\/td>\n<td>3,1<\/td>\n<\/tr>\n<tr>\n<td>Cobre<\/td>\n<td>mg<\/td>\n<td>0,59<\/td>\n<\/tr>\n<tr class=\"alt\">\n<td>Manganeso<\/td>\n<td>mg<\/td>\n<td>2033<\/td>\n<\/tr>\n<tr>\n<td>Selenio<\/td>\n<td>mug<\/td>\n<td>8,5<\/td>\n<\/tr>\n<tr class=\"alt\">\n<td>Tiamina<\/td>\n<td>mg<\/td>\n<td>0,36<\/td>\n<\/tr>\n<tr>\n<td>Riboflavina<\/td>\n<td>mg<\/td>\n<td>0,318<\/td>\n<\/tr>\n<tr class=\"alt\">\n<td>Niacina<\/td>\n<td>mg<\/td>\n<td>1520<\/td>\n<\/tr>\n<tr>\n<td>\u00c1cido pantot\u00e9nico<\/td>\n<td>mg<\/td>\n<td>0,772<\/td>\n<\/tr>\n<tr class=\"alt\">\n<td>Vitamina B-6<\/td>\n<td>mg<\/td>\n<td>0,487<\/td>\n<\/tr>\n<tr>\n<td>Vitamina C<\/td>\n<td>mg<\/td>\n<td>22,39<\/td>\n<\/tr>\n<tr class=\"alt\">\n<td>Folato<\/td>\n<td>mug<\/td>\n<td>184<\/td>\n<\/tr>\n<tr>\n<td>Beta\u00edna<\/td>\n<td>mg<\/td>\n<td>630,4<\/td>\n<\/tr>\n<tr class=\"alt\">\n<td>Lute\u00edna + zeaxantina<\/td>\n<td>mug<\/td>\n<td>163<\/td>\n<\/tr>\n<tr>\n<td>Vitamina E<\/td>\n<td>mg<\/td>\n<td>2,44<\/td>\n<\/tr>\n<tr class=\"alt\">\n<td>Tocoferol, beta<\/td>\n<td>mg<\/td>\n<td>0,08<\/td>\n<\/tr>\n<tr>\n<td>Tocoferol, gamma<\/td>\n<td>mg<\/td>\n<td>4,55<\/td>\n<\/tr>\n<tr class=\"alt\">\n<td>Tocoferol, delta<\/td>\n<td>mg<\/td>\n<td>0,35<\/td>\n<\/tr>\n<tr>\n<td>\u00c1cidos grasos, total saturados<\/td>\n<td>g<\/td>\n<td>0,706<\/td>\n<\/tr>\n<tr class=\"alt\">\n<td>\u00c1cidos grasos, total saturados<\/td>\n<td>g<\/td>\n<td>0,706<\/td>\n<\/tr>\n<tr>\n<td>\u00c1cidos grasos, total mono-insaturados<\/td>\n<td>g<\/td>\n<td>1613<\/td>\n<\/tr>\n<tr class=\"alt\">\n<td>\u00c1cidos grasos, total poli-insaturados<\/td>\n<td>g<\/td>\n<td>3292<\/td>\n<\/tr>\n<\/tbody>\n<\/table>\n<\/div>\n<div class=\"margen-2\"><\/div>\n<div class=\"datagrid\">\n<table>\n<thead>\n<tr>\n<th>Componentes (%)<\/th>\n<th>Quinoa<\/th>\n<th>Carne<\/th>\n<th>Huevo<\/th>\n<th>Queso<\/th>\n<th>Leche Vacuna<\/th>\n<th>Leche Humana<\/th>\n<\/tr>\n<\/thead>\n<tbody>\n<tr>\n<td>Prote\u00ednas<\/td>\n<td>13<\/td>\n<td>30<\/td>\n<td>14<\/td>\n<td>18<\/td>\n<td>3,5<\/td>\n<td>1,8<\/td>\n<\/tr>\n<tr class=\"alt\">\n<td>Grasas<\/td>\n<td>6,1<\/td>\n<td>50<\/td>\n<td>3,2<\/td>\n<td><\/td>\n<td>3,5<\/td>\n<td>3,5<\/td>\n<\/tr>\n<tr>\n<td>Hidratos de Carbono<\/td>\n<td>71<\/td>\n<td><\/td>\n<td><\/td>\n<td><\/td>\n<td><\/td>\n<td><\/td>\n<\/tr>\n<tr class=\"alt\">\n<td>Az\u00facar<\/td>\n<td><\/td>\n<td><\/td>\n<td><\/td>\n<td><\/td>\n<td>4,7<\/td>\n<td>7,5<\/td>\n<\/tr>\n<tr>\n<td>Hierro<\/td>\n<td>5,2<\/td>\n<td>2,2<\/td>\n<td>3,2<\/td>\n<td><\/td>\n<td>2,5<\/td>\n<td><\/td>\n<\/tr>\n<tr class=\"alt\">\n<td>Calor\u00edas<\/td>\n<td>350<\/td>\n<td>431<\/td>\n<td>200<\/td>\n<td>24<\/td>\n<td>60<\/td>\n<td>80<\/td>\n<\/tr>\n<\/tbody>\n<\/table>\n<\/div>\n","protected":false},"excerpt":{"rendered":"<p>Tras a\u00f1os de investigaci\u00f3n, Semillas Sostenibles Ib\u00e9rica ha sido capaz de adaptar variedades de quinoa a nuestro clima consiguiendo no s\u00f3lo altas producciones sino la fiabilidad en cuanto a suministro y calidad que el mercado demanda. Este proyecto integrado permite a los transformadores y consumidores abastecerse de materia prima producida en Espa\u00f1a. Clases de quinoa [&hellip;]<\/p>\n","protected":false},"author":2,"featured_media":0,"parent":139,"menu_order":0,"comment_status":"closed","ping_status":"closed","template":"","meta":{"ngg_post_thumbnail":0,"footnotes":""},"class_list":["post-392","page","type-page","status-publish","hentry"],"yoast_head":"<!-- This site is optimized with the Yoast SEO plugin v23.7 - https:\/\/yoast.com\/wordpress\/plugins\/seo\/ -->\n<title>Quinoa - Semisur<\/title>\n<meta name=\"robots\" content=\"index, follow, max-snippet:-1, max-image-preview:large, max-video-preview:-1\" \/>\n<link rel=\"canonical\" href=\"https:\/\/www.ssiberica.es\/es\/nuestra-actividad\/agroalimentacion\/quinoa-2\/\" \/>\n<meta property=\"og:locale\" content=\"es_ES\" \/>\n<meta property=\"og:type\" content=\"article\" \/>\n<meta property=\"og:title\" content=\"Quinoa - Semisur\" \/>\n<meta property=\"og:description\" content=\"Tras a\u00f1os de investigaci\u00f3n, Semillas Sostenibles Ib\u00e9rica ha sido capaz de adaptar variedades de quinoa a nuestro clima consiguiendo no s\u00f3lo altas producciones sino la fiabilidad en cuanto a suministro y calidad que el mercado demanda. Este proyecto integrado permite a los transformadores y consumidores abastecerse de materia prima producida en Espa\u00f1a. Clases de quinoa [&hellip;]\" \/>\n<meta property=\"og:url\" content=\"https:\/\/www.ssiberica.es\/es\/nuestra-actividad\/agroalimentacion\/quinoa-2\/\" \/>\n<meta property=\"og:site_name\" content=\"Semisur\" \/>\n<meta property=\"article:modified_time\" content=\"2016-08-01T11:59:05+00:00\" \/>\n<meta property=\"og:image\" content=\"http:\/\/www.ssiberica.es\/es\/wp-content\/uploads\/2016\/03\/quinoa.jpg\" \/>\n<meta name=\"twitter:label1\" content=\"Tiempo de lectura\" \/>\n\t<meta name=\"twitter:data1\" content=\"4 minutos\" \/>\n<script type=\"application\/ld+json\" class=\"yoast-schema-graph\">{\"@context\":\"https:\/\/schema.org\",\"@graph\":[{\"@type\":\"WebPage\",\"@id\":\"https:\/\/www.ssiberica.es\/es\/nuestra-actividad\/agroalimentacion\/quinoa-2\/\",\"url\":\"https:\/\/www.ssiberica.es\/es\/nuestra-actividad\/agroalimentacion\/quinoa-2\/\",\"name\":\"Quinoa - Semisur\",\"isPartOf\":{\"@id\":\"https:\/\/www.ssiberica.es\/es\/#website\"},\"primaryImageOfPage\":{\"@id\":\"https:\/\/www.ssiberica.es\/es\/nuestra-actividad\/agroalimentacion\/quinoa-2\/#primaryimage\"},\"image\":{\"@id\":\"https:\/\/www.ssiberica.es\/es\/nuestra-actividad\/agroalimentacion\/quinoa-2\/#primaryimage\"},\"thumbnailUrl\":\"http:\/\/www.ssiberica.es\/es\/wp-content\/uploads\/2016\/03\/quinoa.jpg\",\"datePublished\":\"2016-05-10T10:27:55+00:00\",\"dateModified\":\"2016-08-01T11:59:05+00:00\",\"breadcrumb\":{\"@id\":\"https:\/\/www.ssiberica.es\/es\/nuestra-actividad\/agroalimentacion\/quinoa-2\/#breadcrumb\"},\"inLanguage\":\"es\",\"potentialAction\":[{\"@type\":\"ReadAction\",\"target\":[\"https:\/\/www.ssiberica.es\/es\/nuestra-actividad\/agroalimentacion\/quinoa-2\/\"]}]},{\"@type\":\"ImageObject\",\"inLanguage\":\"es\",\"@id\":\"https:\/\/www.ssiberica.es\/es\/nuestra-actividad\/agroalimentacion\/quinoa-2\/#primaryimage\",\"url\":\"https:\/\/www.ssiberica.es\/es\/wp-content\/uploads\/2016\/03\/quinoa.jpg\",\"contentUrl\":\"https:\/\/www.ssiberica.es\/es\/wp-content\/uploads\/2016\/03\/quinoa.jpg\",\"width\":400,\"height\":400},{\"@type\":\"BreadcrumbList\",\"@id\":\"https:\/\/www.ssiberica.es\/es\/nuestra-actividad\/agroalimentacion\/quinoa-2\/#breadcrumb\",\"itemListElement\":[{\"@type\":\"ListItem\",\"position\":1,\"name\":\"Portada\",\"item\":\"https:\/\/www.ssiberica.es\/es\/\"},{\"@type\":\"ListItem\",\"position\":2,\"name\":\"Nuestra actividad\",\"item\":\"https:\/\/www.ssiberica.es\/es\/nuestra-actividad\/\"},{\"@type\":\"ListItem\",\"position\":3,\"name\":\"Agroalimentaci\u00f3n\",\"item\":\"https:\/\/www.ssiberica.es\/es\/nuestra-actividad\/agroalimentacion\/\"},{\"@type\":\"ListItem\",\"position\":4,\"name\":\"Quinoa\"}]},{\"@type\":\"WebSite\",\"@id\":\"https:\/\/www.ssiberica.es\/es\/#website\",\"url\":\"https:\/\/www.ssiberica.es\/es\/\",\"name\":\"Semisur\",\"description\":\"Semillas Sostenibles Ib\u00e9rica S.L.\",\"potentialAction\":[{\"@type\":\"SearchAction\",\"target\":{\"@type\":\"EntryPoint\",\"urlTemplate\":\"https:\/\/www.ssiberica.es\/es\/?s={search_term_string}\"},\"query-input\":{\"@type\":\"PropertyValueSpecification\",\"valueRequired\":true,\"valueName\":\"search_term_string\"}}],\"inLanguage\":\"es\"}]}<\/script>\n<!-- \/ Yoast SEO plugin. -->","yoast_head_json":{"title":"Quinoa - Semisur","robots":{"index":"index","follow":"follow","max-snippet":"max-snippet:-1","max-image-preview":"max-image-preview:large","max-video-preview":"max-video-preview:-1"},"canonical":"https:\/\/www.ssiberica.es\/es\/nuestra-actividad\/agroalimentacion\/quinoa-2\/","og_locale":"es_ES","og_type":"article","og_title":"Quinoa - Semisur","og_description":"Tras a\u00f1os de investigaci\u00f3n, Semillas Sostenibles Ib\u00e9rica ha sido capaz de adaptar variedades de quinoa a nuestro clima consiguiendo no s\u00f3lo altas producciones sino la fiabilidad en cuanto a suministro y calidad que el mercado demanda. Este proyecto integrado permite a los transformadores y consumidores abastecerse de materia prima producida en Espa\u00f1a. Clases de quinoa [&hellip;]","og_url":"https:\/\/www.ssiberica.es\/es\/nuestra-actividad\/agroalimentacion\/quinoa-2\/","og_site_name":"Semisur","article_modified_time":"2016-08-01T11:59:05+00:00","og_image":[{"url":"http:\/\/www.ssiberica.es\/es\/wp-content\/uploads\/2016\/03\/quinoa.jpg"}],"twitter_misc":{"Tiempo de lectura":"4 minutos"},"schema":{"@context":"https:\/\/schema.org","@graph":[{"@type":"WebPage","@id":"https:\/\/www.ssiberica.es\/es\/nuestra-actividad\/agroalimentacion\/quinoa-2\/","url":"https:\/\/www.ssiberica.es\/es\/nuestra-actividad\/agroalimentacion\/quinoa-2\/","name":"Quinoa - Semisur","isPartOf":{"@id":"https:\/\/www.ssiberica.es\/es\/#website"},"primaryImageOfPage":{"@id":"https:\/\/www.ssiberica.es\/es\/nuestra-actividad\/agroalimentacion\/quinoa-2\/#primaryimage"},"image":{"@id":"https:\/\/www.ssiberica.es\/es\/nuestra-actividad\/agroalimentacion\/quinoa-2\/#primaryimage"},"thumbnailUrl":"http:\/\/www.ssiberica.es\/es\/wp-content\/uploads\/2016\/03\/quinoa.jpg","datePublished":"2016-05-10T10:27:55+00:00","dateModified":"2016-08-01T11:59:05+00:00","breadcrumb":{"@id":"https:\/\/www.ssiberica.es\/es\/nuestra-actividad\/agroalimentacion\/quinoa-2\/#breadcrumb"},"inLanguage":"es","potentialAction":[{"@type":"ReadAction","target":["https:\/\/www.ssiberica.es\/es\/nuestra-actividad\/agroalimentacion\/quinoa-2\/"]}]},{"@type":"ImageObject","inLanguage":"es","@id":"https:\/\/www.ssiberica.es\/es\/nuestra-actividad\/agroalimentacion\/quinoa-2\/#primaryimage","url":"https:\/\/www.ssiberica.es\/es\/wp-content\/uploads\/2016\/03\/quinoa.jpg","contentUrl":"https:\/\/www.ssiberica.es\/es\/wp-content\/uploads\/2016\/03\/quinoa.jpg","width":400,"height":400},{"@type":"BreadcrumbList","@id":"https:\/\/www.ssiberica.es\/es\/nuestra-actividad\/agroalimentacion\/quinoa-2\/#breadcrumb","itemListElement":[{"@type":"ListItem","position":1,"name":"Portada","item":"https:\/\/www.ssiberica.es\/es\/"},{"@type":"ListItem","position":2,"name":"Nuestra actividad","item":"https:\/\/www.ssiberica.es\/es\/nuestra-actividad\/"},{"@type":"ListItem","position":3,"name":"Agroalimentaci\u00f3n","item":"https:\/\/www.ssiberica.es\/es\/nuestra-actividad\/agroalimentacion\/"},{"@type":"ListItem","position":4,"name":"Quinoa"}]},{"@type":"WebSite","@id":"https:\/\/www.ssiberica.es\/es\/#website","url":"https:\/\/www.ssiberica.es\/es\/","name":"Semisur","description":"Semillas Sostenibles Ib\u00e9rica S.L.","potentialAction":[{"@type":"SearchAction","target":{"@type":"EntryPoint","urlTemplate":"https:\/\/www.ssiberica.es\/es\/?s={search_term_string}"},"query-input":{"@type":"PropertyValueSpecification","valueRequired":true,"valueName":"search_term_string"}}],"inLanguage":"es"}]}},"_links":{"self":[{"href":"https:\/\/www.ssiberica.es\/es\/wp-json\/wp\/v2\/pages\/392"}],"collection":[{"href":"https:\/\/www.ssiberica.es\/es\/wp-json\/wp\/v2\/pages"}],"about":[{"href":"https:\/\/www.ssiberica.es\/es\/wp-json\/wp\/v2\/types\/page"}],"author":[{"embeddable":true,"href":"https:\/\/www.ssiberica.es\/es\/wp-json\/wp\/v2\/users\/2"}],"replies":[{"embeddable":true,"href":"https:\/\/www.ssiberica.es\/es\/wp-json\/wp\/v2\/comments?post=392"}],"version-history":[{"count":3,"href":"https:\/\/www.ssiberica.es\/es\/wp-json\/wp\/v2\/pages\/392\/revisions"}],"predecessor-version":[{"id":661,"href":"https:\/\/www.ssiberica.es\/es\/wp-json\/wp\/v2\/pages\/392\/revisions\/661"}],"up":[{"embeddable":true,"href":"https:\/\/www.ssiberica.es\/es\/wp-json\/wp\/v2\/pages\/139"}],"wp:attachment":[{"href":"https:\/\/www.ssiberica.es\/es\/wp-json\/wp\/v2\/media?parent=392"}],"curies":[{"name":"wp","href":"https:\/\/api.w.org\/{rel}","templated":true}]}}