{"id":549,"date":"2016-06-14T09:38:44","date_gmt":"2016-06-14T07:38:44","guid":{"rendered":"http:\/\/www.ssiberica.es\/es\/?page_id=549"},"modified":"2016-06-14T09:54:28","modified_gmt":"2016-06-14T07:54:28","slug":"lider","status":"publish","type":"page","link":"https:\/\/www.ssiberica.es\/es\/nuestra-actividad\/semillas-de-siembra\/algodon\/lider\/","title":{"rendered":"L\u00edder"},"content":{"rendered":"<div class=\"dos-columnas\">\n<ul>\n<li><strong>TIPO DE PLANTA:<\/strong> Variedad convencional de tipo piramidal y talla media (80-100 cm).<\/li>\n<li><strong>CICLO:<\/strong> MEDIO-CORTO.<\/li>\n<li><strong>RENDIMIENTO<\/strong>: Rendimiento claramente superior a cualquier variedad convencional de su ciclo.<\/li>\n<li><strong>TOLERANCIA A VERTICILIUM:<\/strong> LIDER es una variedad muy tolerante a Verticilium por tanto puede sembrarse en cualquier tipo de suelo aunque la parcela repita algod\u00f3n.<\/li>\n<li><strong>CALIDAD DE LA FIBRA:<\/strong> La calidad de fibra de LIDER es de las m\u00e1s altas del mercado con longitud entre 29\/30 mm, y una resistencia de 31 gr\/tex, esta calidad la sit\u00faa a nivel de igualdad con las variedades Australianas.<\/li>\n<li><strong>TOLERANCIA A INSECTOS:<\/strong> Debido a que sus hojas tienen pelos en el env\u00e9s, su tolerancia a insectos chupadores <em>(mosquito verde, pulg\u00f3n y ara\u00f1a)<\/em> es superior a las variedades competidoras, ya que estas no tienen pelos. Con respecto a lepid\u00f3pteros su tolerancia es la normal del resto de variedades.<\/li>\n<li><strong>RESISTENCIA A LLUVIA Y VIENTO:<\/strong> La c\u00e1psula de LIDER es de carpelos cerrados con lo cual evita posibles da\u00f1os por vientos fuertes o lluvias tempranas.<\/li>\n<li><strong>TIPO DE MANEJO:<\/strong> No requiere ning\u00fan manejo especial sobre el resto de variedades.<\/li>\n<\/ul>\n<\/div>\n","protected":false},"excerpt":{"rendered":"<p>TIPO DE PLANTA: Variedad convencional de tipo piramidal y talla media (80-100 cm). CICLO: MEDIO-CORTO. RENDIMIENTO: Rendimiento claramente superior a cualquier variedad convencional de su ciclo. TOLERANCIA A VERTICILIUM: LIDER es una variedad muy tolerante a Verticilium por tanto puede sembrarse en cualquier tipo de suelo aunque la parcela repita algod\u00f3n. CALIDAD DE LA FIBRA: [&hellip;]<\/p>\n","protected":false},"author":2,"featured_media":0,"parent":143,"menu_order":0,"comment_status":"closed","ping_status":"closed","template":"","meta":{"ngg_post_thumbnail":0,"footnotes":""},"class_list":["post-549","page","type-page","status-publish","hentry"],"yoast_head":"<!-- This site is optimized with the Yoast SEO plugin v23.7 - https:\/\/yoast.com\/wordpress\/plugins\/seo\/ -->\n<title>L\u00edder - Semisur<\/title>\n<meta name=\"robots\" content=\"index, follow, max-snippet:-1, max-image-preview:large, max-video-preview:-1\" \/>\n<link rel=\"canonical\" href=\"https:\/\/www.ssiberica.es\/es\/nuestra-actividad\/semillas-de-siembra\/algodon\/lider\/\" \/>\n<meta property=\"og:locale\" content=\"es_ES\" \/>\n<meta property=\"og:type\" content=\"article\" \/>\n<meta property=\"og:title\" content=\"L\u00edder - Semisur\" \/>\n<meta property=\"og:description\" content=\"TIPO DE PLANTA: Variedad convencional de tipo piramidal y talla media (80-100 cm). CICLO: MEDIO-CORTO. RENDIMIENTO: Rendimiento claramente superior a cualquier variedad convencional de su ciclo. TOLERANCIA A VERTICILIUM: LIDER es una variedad muy tolerante a Verticilium por tanto puede sembrarse en cualquier tipo de suelo aunque la parcela repita algod\u00f3n. CALIDAD DE LA FIBRA: [&hellip;]\" \/>\n<meta property=\"og:url\" content=\"https:\/\/www.ssiberica.es\/es\/nuestra-actividad\/semillas-de-siembra\/algodon\/lider\/\" \/>\n<meta property=\"og:site_name\" content=\"Semisur\" \/>\n<meta property=\"article:modified_time\" content=\"2016-06-14T07:54:28+00:00\" \/>\n<meta name=\"twitter:label1\" content=\"Tiempo de lectura\" \/>\n\t<meta name=\"twitter:data1\" content=\"1 minuto\" \/>\n<script type=\"application\/ld+json\" class=\"yoast-schema-graph\">{\"@context\":\"https:\/\/schema.org\",\"@graph\":[{\"@type\":\"WebPage\",\"@id\":\"https:\/\/www.ssiberica.es\/es\/nuestra-actividad\/semillas-de-siembra\/algodon\/lider\/\",\"url\":\"https:\/\/www.ssiberica.es\/es\/nuestra-actividad\/semillas-de-siembra\/algodon\/lider\/\",\"name\":\"L\u00edder - Semisur\",\"isPartOf\":{\"@id\":\"https:\/\/www.ssiberica.es\/es\/#website\"},\"datePublished\":\"2016-06-14T07:38:44+00:00\",\"dateModified\":\"2016-06-14T07:54:28+00:00\",\"breadcrumb\":{\"@id\":\"https:\/\/www.ssiberica.es\/es\/nuestra-actividad\/semillas-de-siembra\/algodon\/lider\/#breadcrumb\"},\"inLanguage\":\"es\",\"potentialAction\":[{\"@type\":\"ReadAction\",\"target\":[\"https:\/\/www.ssiberica.es\/es\/nuestra-actividad\/semillas-de-siembra\/algodon\/lider\/\"]}]},{\"@type\":\"BreadcrumbList\",\"@id\":\"https:\/\/www.ssiberica.es\/es\/nuestra-actividad\/semillas-de-siembra\/algodon\/lider\/#breadcrumb\",\"itemListElement\":[{\"@type\":\"ListItem\",\"position\":1,\"name\":\"Portada\",\"item\":\"https:\/\/www.ssiberica.es\/es\/\"},{\"@type\":\"ListItem\",\"position\":2,\"name\":\"Nuestra actividad\",\"item\":\"https:\/\/www.ssiberica.es\/es\/nuestra-actividad\/\"},{\"@type\":\"ListItem\",\"position\":3,\"name\":\"Semillas de siembra\",\"item\":\"https:\/\/www.ssiberica.es\/es\/nuestra-actividad\/semillas-de-siembra\/\"},{\"@type\":\"ListItem\",\"position\":4,\"name\":\"Algod\u00f3n\",\"item\":\"https:\/\/www.ssiberica.es\/es\/nuestra-actividad\/semillas-de-siembra\/algodon\/\"},{\"@type\":\"ListItem\",\"position\":5,\"name\":\"L\u00edder\"}]},{\"@type\":\"WebSite\",\"@id\":\"https:\/\/www.ssiberica.es\/es\/#website\",\"url\":\"https:\/\/www.ssiberica.es\/es\/\",\"name\":\"Semisur\",\"description\":\"Semillas Sostenibles Ib\u00e9rica S.L.\",\"potentialAction\":[{\"@type\":\"SearchAction\",\"target\":{\"@type\":\"EntryPoint\",\"urlTemplate\":\"https:\/\/www.ssiberica.es\/es\/?s={search_term_string}\"},\"query-input\":{\"@type\":\"PropertyValueSpecification\",\"valueRequired\":true,\"valueName\":\"search_term_string\"}}],\"inLanguage\":\"es\"}]}<\/script>\n<!-- \/ Yoast SEO plugin. -->","yoast_head_json":{"title":"L\u00edder - Semisur","robots":{"index":"index","follow":"follow","max-snippet":"max-snippet:-1","max-image-preview":"max-image-preview:large","max-video-preview":"max-video-preview:-1"},"canonical":"https:\/\/www.ssiberica.es\/es\/nuestra-actividad\/semillas-de-siembra\/algodon\/lider\/","og_locale":"es_ES","og_type":"article","og_title":"L\u00edder - Semisur","og_description":"TIPO DE PLANTA: Variedad convencional de tipo piramidal y talla media (80-100 cm). CICLO: MEDIO-CORTO. RENDIMIENTO: Rendimiento claramente superior a cualquier variedad convencional de su ciclo. TOLERANCIA A VERTICILIUM: LIDER es una variedad muy tolerante a Verticilium por tanto puede sembrarse en cualquier tipo de suelo aunque la parcela repita algod\u00f3n. CALIDAD DE LA FIBRA: [&hellip;]","og_url":"https:\/\/www.ssiberica.es\/es\/nuestra-actividad\/semillas-de-siembra\/algodon\/lider\/","og_site_name":"Semisur","article_modified_time":"2016-06-14T07:54:28+00:00","twitter_misc":{"Tiempo de lectura":"1 minuto"},"schema":{"@context":"https:\/\/schema.org","@graph":[{"@type":"WebPage","@id":"https:\/\/www.ssiberica.es\/es\/nuestra-actividad\/semillas-de-siembra\/algodon\/lider\/","url":"https:\/\/www.ssiberica.es\/es\/nuestra-actividad\/semillas-de-siembra\/algodon\/lider\/","name":"L\u00edder - Semisur","isPartOf":{"@id":"https:\/\/www.ssiberica.es\/es\/#website"},"datePublished":"2016-06-14T07:38:44+00:00","dateModified":"2016-06-14T07:54:28+00:00","breadcrumb":{"@id":"https:\/\/www.ssiberica.es\/es\/nuestra-actividad\/semillas-de-siembra\/algodon\/lider\/#breadcrumb"},"inLanguage":"es","potentialAction":[{"@type":"ReadAction","target":["https:\/\/www.ssiberica.es\/es\/nuestra-actividad\/semillas-de-siembra\/algodon\/lider\/"]}]},{"@type":"BreadcrumbList","@id":"https:\/\/www.ssiberica.es\/es\/nuestra-actividad\/semillas-de-siembra\/algodon\/lider\/#breadcrumb","itemListElement":[{"@type":"ListItem","position":1,"name":"Portada","item":"https:\/\/www.ssiberica.es\/es\/"},{"@type":"ListItem","position":2,"name":"Nuestra actividad","item":"https:\/\/www.ssiberica.es\/es\/nuestra-actividad\/"},{"@type":"ListItem","position":3,"name":"Semillas de siembra","item":"https:\/\/www.ssiberica.es\/es\/nuestra-actividad\/semillas-de-siembra\/"},{"@type":"ListItem","position":4,"name":"Algod\u00f3n","item":"https:\/\/www.ssiberica.es\/es\/nuestra-actividad\/semillas-de-siembra\/algodon\/"},{"@type":"ListItem","position":5,"name":"L\u00edder"}]},{"@type":"WebSite","@id":"https:\/\/www.ssiberica.es\/es\/#website","url":"https:\/\/www.ssiberica.es\/es\/","name":"Semisur","description":"Semillas Sostenibles Ib\u00e9rica S.L.","potentialAction":[{"@type":"SearchAction","target":{"@type":"EntryPoint","urlTemplate":"https:\/\/www.ssiberica.es\/es\/?s={search_term_string}"},"query-input":{"@type":"PropertyValueSpecification","valueRequired":true,"valueName":"search_term_string"}}],"inLanguage":"es"}]}},"_links":{"self":[{"href":"https:\/\/www.ssiberica.es\/es\/wp-json\/wp\/v2\/pages\/549"}],"collection":[{"href":"https:\/\/www.ssiberica.es\/es\/wp-json\/wp\/v2\/pages"}],"about":[{"href":"https:\/\/www.ssiberica.es\/es\/wp-json\/wp\/v2\/types\/page"}],"author":[{"embeddable":true,"href":"https:\/\/www.ssiberica.es\/es\/wp-json\/wp\/v2\/users\/2"}],"replies":[{"embeddable":true,"href":"https:\/\/www.ssiberica.es\/es\/wp-json\/wp\/v2\/comments?post=549"}],"version-history":[{"count":4,"href":"https:\/\/www.ssiberica.es\/es\/wp-json\/wp\/v2\/pages\/549\/revisions"}],"predecessor-version":[{"id":567,"href":"https:\/\/www.ssiberica.es\/es\/wp-json\/wp\/v2\/pages\/549\/revisions\/567"}],"up":[{"embeddable":true,"href":"https:\/\/www.ssiberica.es\/es\/wp-json\/wp\/v2\/pages\/143"}],"wp:attachment":[{"href":"https:\/\/www.ssiberica.es\/es\/wp-json\/wp\/v2\/media?parent=549"}],"curies":[{"name":"wp","href":"https:\/\/api.w.org\/{rel}","templated":true}]}}