{"id":556,"date":"2016-06-14T09:47:57","date_gmt":"2016-06-14T07:47:57","guid":{"rendered":"http:\/\/www.ssiberica.es\/es\/?page_id=556"},"modified":"2016-06-14T09:59:57","modified_gmt":"2016-06-14T07:59:57","slug":"lambada","status":"publish","type":"page","link":"https:\/\/www.ssiberica.es\/es\/nuestra-actividad\/semillas-de-siembra\/algodon\/lambada\/","title":{"rendered":"Lambada"},"content":{"rendered":"<div class=\"dos-columnas\">\n<ul>\n<li><strong>TIPO DE PLANTA:<\/strong> Variedad convencional de tipo semi-cil\u00edndrica y talla media (85-105 cm)<\/li>\n<li><strong>CICLO:<\/strong> CORTO inferior a LIDER y BABYLON <\/li>\n<li><strong>RENDIMIENTO:<\/strong> Rendimiento claramente superior a cualquier variedad convencional de su ciclo, es una variedad con Stay Green (las hojas permanecen de color verde aun con las c\u00e1psulas abiertas)<\/li>\n<li><strong>TOLERANCIA A VERTICILIUM:<\/strong> LAMBADA es una variedad muy tolerante a Verticilium que puede sembrarse en cualquier tipo de suelo aunque la parcela estuviera repetida de algod\u00f3n<\/li>\n<li><strong>CALIDAD DE LA FIBRA:<\/strong> La calidad de fibra de LAMBADA es alta con longitud de fibra entre 27\/29 mm y una resistencia  de 29 gr\/tex. <\/li>\n<li><strong>TOLERANCIA A INSECTOS:<\/strong> Debido a  que sus hojas tienen pelos en el env\u00e9s su tolerancia  a insectos chupadores  (mosquito verde, pulg\u00f3n y ara\u00f1a) es superior a las convencionales que no tienen  pelos.  Con respecto a lepid\u00f3pteros su tolerancia es la normal del resto de variedades.<\/li>\n<li><strong>RESISTENCIA A LLUVIA Y VIENTO:<\/strong> La c\u00e1psula de LAMBADA es de carpelos cerrados con lo cual evita posibles da\u00f1os por vientos fuertes o lluvias tempranas<\/li>\n<li><strong>TIPO DE MANEJO:<\/strong> No requiere ning\u00fan manejo especial sobre el resto de variedades. Como todas las variedades de ciclo corto es importante no demorar el primer riego.<\/li>\n<\/ul>\n<\/div>\n","protected":false},"excerpt":{"rendered":"<p>TIPO DE PLANTA: Variedad convencional de tipo semi-cil\u00edndrica y talla media (85-105 cm) CICLO: CORTO inferior a LIDER y BABYLON RENDIMIENTO: Rendimiento claramente superior a cualquier variedad convencional de su ciclo, es una variedad con Stay Green (las hojas permanecen de color verde aun con las c\u00e1psulas abiertas) TOLERANCIA A VERTICILIUM: LAMBADA es una variedad [&hellip;]<\/p>\n","protected":false},"author":2,"featured_media":0,"parent":143,"menu_order":0,"comment_status":"closed","ping_status":"closed","template":"","meta":{"ngg_post_thumbnail":0,"footnotes":""},"class_list":["post-556","page","type-page","status-publish","hentry"],"yoast_head":"<!-- This site is optimized with the Yoast SEO plugin v23.7 - https:\/\/yoast.com\/wordpress\/plugins\/seo\/ -->\n<title>Lambada - Semisur<\/title>\n<meta name=\"robots\" content=\"index, follow, max-snippet:-1, max-image-preview:large, max-video-preview:-1\" \/>\n<link rel=\"canonical\" href=\"https:\/\/www.ssiberica.es\/es\/nuestra-actividad\/semillas-de-siembra\/algodon\/lambada\/\" \/>\n<meta property=\"og:locale\" content=\"es_ES\" \/>\n<meta property=\"og:type\" content=\"article\" \/>\n<meta property=\"og:title\" content=\"Lambada - Semisur\" \/>\n<meta property=\"og:description\" content=\"TIPO DE PLANTA: Variedad convencional de tipo semi-cil\u00edndrica y talla media (85-105 cm) CICLO: CORTO inferior a LIDER y BABYLON RENDIMIENTO: Rendimiento claramente superior a cualquier variedad convencional de su ciclo, es una variedad con Stay Green (las hojas permanecen de color verde aun con las c\u00e1psulas abiertas) TOLERANCIA A VERTICILIUM: LAMBADA es una variedad [&hellip;]\" \/>\n<meta property=\"og:url\" content=\"https:\/\/www.ssiberica.es\/es\/nuestra-actividad\/semillas-de-siembra\/algodon\/lambada\/\" \/>\n<meta property=\"og:site_name\" content=\"Semisur\" \/>\n<meta property=\"article:modified_time\" content=\"2016-06-14T07:59:57+00:00\" \/>\n<meta name=\"twitter:label1\" content=\"Tiempo de lectura\" \/>\n\t<meta name=\"twitter:data1\" content=\"1 minuto\" \/>\n<script type=\"application\/ld+json\" class=\"yoast-schema-graph\">{\"@context\":\"https:\/\/schema.org\",\"@graph\":[{\"@type\":\"WebPage\",\"@id\":\"https:\/\/www.ssiberica.es\/es\/nuestra-actividad\/semillas-de-siembra\/algodon\/lambada\/\",\"url\":\"https:\/\/www.ssiberica.es\/es\/nuestra-actividad\/semillas-de-siembra\/algodon\/lambada\/\",\"name\":\"Lambada - Semisur\",\"isPartOf\":{\"@id\":\"https:\/\/www.ssiberica.es\/es\/#website\"},\"datePublished\":\"2016-06-14T07:47:57+00:00\",\"dateModified\":\"2016-06-14T07:59:57+00:00\",\"breadcrumb\":{\"@id\":\"https:\/\/www.ssiberica.es\/es\/nuestra-actividad\/semillas-de-siembra\/algodon\/lambada\/#breadcrumb\"},\"inLanguage\":\"es\",\"potentialAction\":[{\"@type\":\"ReadAction\",\"target\":[\"https:\/\/www.ssiberica.es\/es\/nuestra-actividad\/semillas-de-siembra\/algodon\/lambada\/\"]}]},{\"@type\":\"BreadcrumbList\",\"@id\":\"https:\/\/www.ssiberica.es\/es\/nuestra-actividad\/semillas-de-siembra\/algodon\/lambada\/#breadcrumb\",\"itemListElement\":[{\"@type\":\"ListItem\",\"position\":1,\"name\":\"Portada\",\"item\":\"https:\/\/www.ssiberica.es\/es\/\"},{\"@type\":\"ListItem\",\"position\":2,\"name\":\"Nuestra actividad\",\"item\":\"https:\/\/www.ssiberica.es\/es\/nuestra-actividad\/\"},{\"@type\":\"ListItem\",\"position\":3,\"name\":\"Semillas de siembra\",\"item\":\"https:\/\/www.ssiberica.es\/es\/nuestra-actividad\/semillas-de-siembra\/\"},{\"@type\":\"ListItem\",\"position\":4,\"name\":\"Algod\u00f3n\",\"item\":\"https:\/\/www.ssiberica.es\/es\/nuestra-actividad\/semillas-de-siembra\/algodon\/\"},{\"@type\":\"ListItem\",\"position\":5,\"name\":\"Lambada\"}]},{\"@type\":\"WebSite\",\"@id\":\"https:\/\/www.ssiberica.es\/es\/#website\",\"url\":\"https:\/\/www.ssiberica.es\/es\/\",\"name\":\"Semisur\",\"description\":\"Semillas Sostenibles Ib\u00e9rica S.L.\",\"potentialAction\":[{\"@type\":\"SearchAction\",\"target\":{\"@type\":\"EntryPoint\",\"urlTemplate\":\"https:\/\/www.ssiberica.es\/es\/?s={search_term_string}\"},\"query-input\":{\"@type\":\"PropertyValueSpecification\",\"valueRequired\":true,\"valueName\":\"search_term_string\"}}],\"inLanguage\":\"es\"}]}<\/script>\n<!-- \/ Yoast SEO plugin. -->","yoast_head_json":{"title":"Lambada - Semisur","robots":{"index":"index","follow":"follow","max-snippet":"max-snippet:-1","max-image-preview":"max-image-preview:large","max-video-preview":"max-video-preview:-1"},"canonical":"https:\/\/www.ssiberica.es\/es\/nuestra-actividad\/semillas-de-siembra\/algodon\/lambada\/","og_locale":"es_ES","og_type":"article","og_title":"Lambada - Semisur","og_description":"TIPO DE PLANTA: Variedad convencional de tipo semi-cil\u00edndrica y talla media (85-105 cm) CICLO: CORTO inferior a LIDER y BABYLON RENDIMIENTO: Rendimiento claramente superior a cualquier variedad convencional de su ciclo, es una variedad con Stay Green (las hojas permanecen de color verde aun con las c\u00e1psulas abiertas) TOLERANCIA A VERTICILIUM: LAMBADA es una variedad [&hellip;]","og_url":"https:\/\/www.ssiberica.es\/es\/nuestra-actividad\/semillas-de-siembra\/algodon\/lambada\/","og_site_name":"Semisur","article_modified_time":"2016-06-14T07:59:57+00:00","twitter_misc":{"Tiempo de lectura":"1 minuto"},"schema":{"@context":"https:\/\/schema.org","@graph":[{"@type":"WebPage","@id":"https:\/\/www.ssiberica.es\/es\/nuestra-actividad\/semillas-de-siembra\/algodon\/lambada\/","url":"https:\/\/www.ssiberica.es\/es\/nuestra-actividad\/semillas-de-siembra\/algodon\/lambada\/","name":"Lambada - Semisur","isPartOf":{"@id":"https:\/\/www.ssiberica.es\/es\/#website"},"datePublished":"2016-06-14T07:47:57+00:00","dateModified":"2016-06-14T07:59:57+00:00","breadcrumb":{"@id":"https:\/\/www.ssiberica.es\/es\/nuestra-actividad\/semillas-de-siembra\/algodon\/lambada\/#breadcrumb"},"inLanguage":"es","potentialAction":[{"@type":"ReadAction","target":["https:\/\/www.ssiberica.es\/es\/nuestra-actividad\/semillas-de-siembra\/algodon\/lambada\/"]}]},{"@type":"BreadcrumbList","@id":"https:\/\/www.ssiberica.es\/es\/nuestra-actividad\/semillas-de-siembra\/algodon\/lambada\/#breadcrumb","itemListElement":[{"@type":"ListItem","position":1,"name":"Portada","item":"https:\/\/www.ssiberica.es\/es\/"},{"@type":"ListItem","position":2,"name":"Nuestra actividad","item":"https:\/\/www.ssiberica.es\/es\/nuestra-actividad\/"},{"@type":"ListItem","position":3,"name":"Semillas de siembra","item":"https:\/\/www.ssiberica.es\/es\/nuestra-actividad\/semillas-de-siembra\/"},{"@type":"ListItem","position":4,"name":"Algod\u00f3n","item":"https:\/\/www.ssiberica.es\/es\/nuestra-actividad\/semillas-de-siembra\/algodon\/"},{"@type":"ListItem","position":5,"name":"Lambada"}]},{"@type":"WebSite","@id":"https:\/\/www.ssiberica.es\/es\/#website","url":"https:\/\/www.ssiberica.es\/es\/","name":"Semisur","description":"Semillas Sostenibles Ib\u00e9rica S.L.","potentialAction":[{"@type":"SearchAction","target":{"@type":"EntryPoint","urlTemplate":"https:\/\/www.ssiberica.es\/es\/?s={search_term_string}"},"query-input":{"@type":"PropertyValueSpecification","valueRequired":true,"valueName":"search_term_string"}}],"inLanguage":"es"}]}},"_links":{"self":[{"href":"https:\/\/www.ssiberica.es\/es\/wp-json\/wp\/v2\/pages\/556"}],"collection":[{"href":"https:\/\/www.ssiberica.es\/es\/wp-json\/wp\/v2\/pages"}],"about":[{"href":"https:\/\/www.ssiberica.es\/es\/wp-json\/wp\/v2\/types\/page"}],"author":[{"embeddable":true,"href":"https:\/\/www.ssiberica.es\/es\/wp-json\/wp\/v2\/users\/2"}],"replies":[{"embeddable":true,"href":"https:\/\/www.ssiberica.es\/es\/wp-json\/wp\/v2\/comments?post=556"}],"version-history":[{"count":2,"href":"https:\/\/www.ssiberica.es\/es\/wp-json\/wp\/v2\/pages\/556\/revisions"}],"predecessor-version":[{"id":571,"href":"https:\/\/www.ssiberica.es\/es\/wp-json\/wp\/v2\/pages\/556\/revisions\/571"}],"up":[{"embeddable":true,"href":"https:\/\/www.ssiberica.es\/es\/wp-json\/wp\/v2\/pages\/143"}],"wp:attachment":[{"href":"https:\/\/www.ssiberica.es\/es\/wp-json\/wp\/v2\/media?parent=556"}],"curies":[{"name":"wp","href":"https:\/\/api.w.org\/{rel}","templated":true}]}}