{"id":558,"date":"2016-06-14T09:48:17","date_gmt":"2016-06-14T07:48:17","guid":{"rendered":"http:\/\/www.ssiberica.es\/es\/?page_id=558"},"modified":"2016-06-14T10:02:37","modified_gmt":"2016-06-14T08:02:37","slug":"amazona","status":"publish","type":"page","link":"https:\/\/www.ssiberica.es\/es\/nuestra-actividad\/semillas-de-siembra\/algodon\/amazona\/","title":{"rendered":"Amazona"},"content":{"rendered":"<div class=\"dos-columnas\">\n<ul>\n<li><strong>TIPO DE PLANTA:<\/strong> Variedad convencional de tipo semi-cil\u00edndrica y talla baja (75-95 cm)<\/li>\n<li><strong>CICLO:<\/strong> EXTRA CORTO  el menor ciclo de todas las variedades sembradas en Espa\u00f1a en la actualidad<\/li>\n<li><strong>RENDIMIENTO:<\/strong> Rendimiento claramente superior a cualquier variedad convencional de su ciclo y de ciclo superiores, es una variedad con alto Stay Green (las hojas permanecen de color verde aun con las capsulas abiertas)<\/li>\n<li><strong>TOLERANCIA A VERTICILIUM:<\/strong> Es una variedad muy tolerante a Verticilium a pesar de su ciclo extra-corto y que puede sembrarse en cualquier tipo de suelo. <\/li>\n<li><strong>CALIDAD DE LA FIBRA:<\/strong> La calidad de fibra de AMAZONA es alt\u00edsima con longitud de fibra de hasta 30 mm y una resistencia  de 31 gr\/tex.  la sit\u00faa a nivel  de  las mejores variedades en calidad de fibra. <\/li>\n<li><strong>TOLERANCIA A INSECTOS:<\/strong> Debido a  que sus hojas tienen pelos en el env\u00e9s,  su tolerancia  a insectos chupadores  (mosquito verde, pulg\u00f3n y ara\u00f1a) es superior a las convencionales que no tienen  pelos.  Con respecto a lepid\u00f3pteros su tolerancia es la normal del resto de variedades.<\/li>\n<li><strong>RESISTENCIA A LLUVIA Y VIENTO:<\/strong> La c\u00e1psula de AMAZONA es de carpelos cerrados con lo cual evita posibles da\u00f1os por vientos fuertes o lluvias tempranas<\/li>\n<li><strong>TIPO DE MANEJO:<\/strong> No requiere ning\u00fan manejo especial sobre el resto de variedades. Como todas las variedades de ciclo corto es importante no demorar el primer riego, pero en AMAZONA al ser la mas corta en ciclo  de todas, el primer riego es fundamental para obtener el mayor rendimiento posible.<\/li>\n<\/ul>\n<\/div>\n","protected":false},"excerpt":{"rendered":"<p>TIPO DE PLANTA: Variedad convencional de tipo semi-cil\u00edndrica y talla baja (75-95 cm) CICLO: EXTRA CORTO el menor ciclo de todas las variedades sembradas en Espa\u00f1a en la actualidad RENDIMIENTO: Rendimiento claramente superior a cualquier variedad convencional de su ciclo y de ciclo superiores, es una variedad con alto Stay Green (las hojas permanecen de [&hellip;]<\/p>\n","protected":false},"author":2,"featured_media":0,"parent":143,"menu_order":0,"comment_status":"closed","ping_status":"closed","template":"","meta":{"ngg_post_thumbnail":0,"footnotes":""},"class_list":["post-558","page","type-page","status-publish","hentry"],"yoast_head":"<!-- This site is optimized with the Yoast SEO plugin v23.7 - https:\/\/yoast.com\/wordpress\/plugins\/seo\/ -->\n<title>Amazona - Semisur<\/title>\n<meta name=\"robots\" content=\"index, follow, max-snippet:-1, max-image-preview:large, max-video-preview:-1\" \/>\n<link rel=\"canonical\" href=\"https:\/\/www.ssiberica.es\/es\/nuestra-actividad\/semillas-de-siembra\/algodon\/amazona\/\" \/>\n<meta property=\"og:locale\" content=\"es_ES\" \/>\n<meta property=\"og:type\" content=\"article\" \/>\n<meta property=\"og:title\" content=\"Amazona - Semisur\" \/>\n<meta property=\"og:description\" content=\"TIPO DE PLANTA: Variedad convencional de tipo semi-cil\u00edndrica y talla baja (75-95 cm) CICLO: EXTRA CORTO el menor ciclo de todas las variedades sembradas en Espa\u00f1a en la actualidad RENDIMIENTO: Rendimiento claramente superior a cualquier variedad convencional de su ciclo y de ciclo superiores, es una variedad con alto Stay Green (las hojas permanecen de [&hellip;]\" \/>\n<meta property=\"og:url\" content=\"https:\/\/www.ssiberica.es\/es\/nuestra-actividad\/semillas-de-siembra\/algodon\/amazona\/\" \/>\n<meta property=\"og:site_name\" content=\"Semisur\" \/>\n<meta property=\"article:modified_time\" content=\"2016-06-14T08:02:37+00:00\" \/>\n<meta name=\"twitter:label1\" content=\"Tiempo de lectura\" \/>\n\t<meta name=\"twitter:data1\" content=\"1 minuto\" \/>\n<script type=\"application\/ld+json\" class=\"yoast-schema-graph\">{\"@context\":\"https:\/\/schema.org\",\"@graph\":[{\"@type\":\"WebPage\",\"@id\":\"https:\/\/www.ssiberica.es\/es\/nuestra-actividad\/semillas-de-siembra\/algodon\/amazona\/\",\"url\":\"https:\/\/www.ssiberica.es\/es\/nuestra-actividad\/semillas-de-siembra\/algodon\/amazona\/\",\"name\":\"Amazona - Semisur\",\"isPartOf\":{\"@id\":\"https:\/\/www.ssiberica.es\/es\/#website\"},\"datePublished\":\"2016-06-14T07:48:17+00:00\",\"dateModified\":\"2016-06-14T08:02:37+00:00\",\"breadcrumb\":{\"@id\":\"https:\/\/www.ssiberica.es\/es\/nuestra-actividad\/semillas-de-siembra\/algodon\/amazona\/#breadcrumb\"},\"inLanguage\":\"es\",\"potentialAction\":[{\"@type\":\"ReadAction\",\"target\":[\"https:\/\/www.ssiberica.es\/es\/nuestra-actividad\/semillas-de-siembra\/algodon\/amazona\/\"]}]},{\"@type\":\"BreadcrumbList\",\"@id\":\"https:\/\/www.ssiberica.es\/es\/nuestra-actividad\/semillas-de-siembra\/algodon\/amazona\/#breadcrumb\",\"itemListElement\":[{\"@type\":\"ListItem\",\"position\":1,\"name\":\"Portada\",\"item\":\"https:\/\/www.ssiberica.es\/es\/\"},{\"@type\":\"ListItem\",\"position\":2,\"name\":\"Nuestra actividad\",\"item\":\"https:\/\/www.ssiberica.es\/es\/nuestra-actividad\/\"},{\"@type\":\"ListItem\",\"position\":3,\"name\":\"Semillas de siembra\",\"item\":\"https:\/\/www.ssiberica.es\/es\/nuestra-actividad\/semillas-de-siembra\/\"},{\"@type\":\"ListItem\",\"position\":4,\"name\":\"Algod\u00f3n\",\"item\":\"https:\/\/www.ssiberica.es\/es\/nuestra-actividad\/semillas-de-siembra\/algodon\/\"},{\"@type\":\"ListItem\",\"position\":5,\"name\":\"Amazona\"}]},{\"@type\":\"WebSite\",\"@id\":\"https:\/\/www.ssiberica.es\/es\/#website\",\"url\":\"https:\/\/www.ssiberica.es\/es\/\",\"name\":\"Semisur\",\"description\":\"Semillas Sostenibles Ib\u00e9rica S.L.\",\"potentialAction\":[{\"@type\":\"SearchAction\",\"target\":{\"@type\":\"EntryPoint\",\"urlTemplate\":\"https:\/\/www.ssiberica.es\/es\/?s={search_term_string}\"},\"query-input\":{\"@type\":\"PropertyValueSpecification\",\"valueRequired\":true,\"valueName\":\"search_term_string\"}}],\"inLanguage\":\"es\"}]}<\/script>\n<!-- \/ Yoast SEO plugin. -->","yoast_head_json":{"title":"Amazona - Semisur","robots":{"index":"index","follow":"follow","max-snippet":"max-snippet:-1","max-image-preview":"max-image-preview:large","max-video-preview":"max-video-preview:-1"},"canonical":"https:\/\/www.ssiberica.es\/es\/nuestra-actividad\/semillas-de-siembra\/algodon\/amazona\/","og_locale":"es_ES","og_type":"article","og_title":"Amazona - Semisur","og_description":"TIPO DE PLANTA: Variedad convencional de tipo semi-cil\u00edndrica y talla baja (75-95 cm) CICLO: EXTRA CORTO el menor ciclo de todas las variedades sembradas en Espa\u00f1a en la actualidad RENDIMIENTO: Rendimiento claramente superior a cualquier variedad convencional de su ciclo y de ciclo superiores, es una variedad con alto Stay Green (las hojas permanecen de [&hellip;]","og_url":"https:\/\/www.ssiberica.es\/es\/nuestra-actividad\/semillas-de-siembra\/algodon\/amazona\/","og_site_name":"Semisur","article_modified_time":"2016-06-14T08:02:37+00:00","twitter_misc":{"Tiempo de lectura":"1 minuto"},"schema":{"@context":"https:\/\/schema.org","@graph":[{"@type":"WebPage","@id":"https:\/\/www.ssiberica.es\/es\/nuestra-actividad\/semillas-de-siembra\/algodon\/amazona\/","url":"https:\/\/www.ssiberica.es\/es\/nuestra-actividad\/semillas-de-siembra\/algodon\/amazona\/","name":"Amazona - Semisur","isPartOf":{"@id":"https:\/\/www.ssiberica.es\/es\/#website"},"datePublished":"2016-06-14T07:48:17+00:00","dateModified":"2016-06-14T08:02:37+00:00","breadcrumb":{"@id":"https:\/\/www.ssiberica.es\/es\/nuestra-actividad\/semillas-de-siembra\/algodon\/amazona\/#breadcrumb"},"inLanguage":"es","potentialAction":[{"@type":"ReadAction","target":["https:\/\/www.ssiberica.es\/es\/nuestra-actividad\/semillas-de-siembra\/algodon\/amazona\/"]}]},{"@type":"BreadcrumbList","@id":"https:\/\/www.ssiberica.es\/es\/nuestra-actividad\/semillas-de-siembra\/algodon\/amazona\/#breadcrumb","itemListElement":[{"@type":"ListItem","position":1,"name":"Portada","item":"https:\/\/www.ssiberica.es\/es\/"},{"@type":"ListItem","position":2,"name":"Nuestra actividad","item":"https:\/\/www.ssiberica.es\/es\/nuestra-actividad\/"},{"@type":"ListItem","position":3,"name":"Semillas de siembra","item":"https:\/\/www.ssiberica.es\/es\/nuestra-actividad\/semillas-de-siembra\/"},{"@type":"ListItem","position":4,"name":"Algod\u00f3n","item":"https:\/\/www.ssiberica.es\/es\/nuestra-actividad\/semillas-de-siembra\/algodon\/"},{"@type":"ListItem","position":5,"name":"Amazona"}]},{"@type":"WebSite","@id":"https:\/\/www.ssiberica.es\/es\/#website","url":"https:\/\/www.ssiberica.es\/es\/","name":"Semisur","description":"Semillas Sostenibles Ib\u00e9rica S.L.","potentialAction":[{"@type":"SearchAction","target":{"@type":"EntryPoint","urlTemplate":"https:\/\/www.ssiberica.es\/es\/?s={search_term_string}"},"query-input":{"@type":"PropertyValueSpecification","valueRequired":true,"valueName":"search_term_string"}}],"inLanguage":"es"}]}},"_links":{"self":[{"href":"https:\/\/www.ssiberica.es\/es\/wp-json\/wp\/v2\/pages\/558"}],"collection":[{"href":"https:\/\/www.ssiberica.es\/es\/wp-json\/wp\/v2\/pages"}],"about":[{"href":"https:\/\/www.ssiberica.es\/es\/wp-json\/wp\/v2\/types\/page"}],"author":[{"embeddable":true,"href":"https:\/\/www.ssiberica.es\/es\/wp-json\/wp\/v2\/users\/2"}],"replies":[{"embeddable":true,"href":"https:\/\/www.ssiberica.es\/es\/wp-json\/wp\/v2\/comments?post=558"}],"version-history":[{"count":2,"href":"https:\/\/www.ssiberica.es\/es\/wp-json\/wp\/v2\/pages\/558\/revisions"}],"predecessor-version":[{"id":572,"href":"https:\/\/www.ssiberica.es\/es\/wp-json\/wp\/v2\/pages\/558\/revisions\/572"}],"up":[{"embeddable":true,"href":"https:\/\/www.ssiberica.es\/es\/wp-json\/wp\/v2\/pages\/143"}],"wp:attachment":[{"href":"https:\/\/www.ssiberica.es\/es\/wp-json\/wp\/v2\/media?parent=558"}],"curies":[{"name":"wp","href":"https:\/\/api.w.org\/{rel}","templated":true}]}}