{"id":560,"date":"2016-06-14T09:48:45","date_gmt":"2016-06-14T07:48:45","guid":{"rendered":"http:\/\/www.ssiberica.es\/es\/?page_id=560"},"modified":"2016-06-14T10:18:38","modified_gmt":"2016-06-14T08:18:38","slug":"elpida","status":"publish","type":"page","link":"https:\/\/www.ssiberica.es\/es\/nuestra-actividad\/semillas-de-siembra\/algodon\/elpida\/","title":{"rendered":"Elpida"},"content":{"rendered":"<div class=\"dos-columnas\">\n<ul>\n<li><strong>TIPO DE PLANTA.-<\/strong> Variedad convencional con estructura semicil\u00edndrica y talla media (75 \u2013 90 cm) Hojas m\u00e1s peque\u00f1as que Amazona y mayor cantidad<\/li>\n<li><strong>CICLO.-<\/strong>  EXTRA CORTO (2 d\u00edas m\u00e1s larga que  AMAZONA) <\/li>\n<li><strong>RENDIMIENTO.-<\/strong>  Alt\u00edsimo rendimiento, superior a todas las variedades comerciales no h\u00edbridas sembradas en Espa\u00f1a y Grecia.<\/li>\n<li><strong>TOLERANCIA A VERTICILIUM.-<\/strong> Tolerancia MUY ALTA similar a la variedad CAMPO, puede sembrarse en cualquier tipo de suelo<\/li>\n<li><strong>CALIDAD DE LA FIBRA.-<\/strong> Calidad alt\u00edsima (longitud de fibra de hasta 31,5 mm y resistencia de hasta 31,6 gt\/tex) esta calidad sit\u00faa a ELPIDA a la cabeza de las variedades convencionales en calidad de fibra.<\/li>\n<li><strong>TOLERANCIA A INSECTOS.-<\/strong> Las hojas y los tallos  tienen pelos en la epidermis y por consiguiente tiene una mayor tolerancia a insectos chupadores  (mosquito verde, pulg\u00f3n y ara\u00f1a) que las variedades de epidermis lisa.<\/li>\n<li><strong>RESISTENCIA A LLUVIA Y VIENTO.-<\/strong> Las capsulas de ELPIDA cierra bien los carpelos, de forma que se evitan posibles da\u00f1os ocasionados por vientos fuertes o lluvias ocasionales.<\/li>\n<li><strong>TIPO DE MANEJO.-<\/strong> Como ocurre con las variedades de ciclo corto y mucho m\u00e1s en las variedades de ciclo EXTRA \u2013 CORTO, lo m\u00e1s importante es no demorar el primer riego, y debemos efectuarlo en cuanto la planta tenga tres  \u201ccarterillas\u201d  no podemos olvidar que este ciclo produce a una velocidad mayor que el resto, por lo tanto todo debe hacerse con mayor celeridad.<\/li>\n<\/ul>\n<\/div>\n","protected":false},"excerpt":{"rendered":"<p>TIPO DE PLANTA.- Variedad convencional con estructura semicil\u00edndrica y talla media (75 \u2013 90 cm) Hojas m\u00e1s peque\u00f1as que Amazona y mayor cantidad CICLO.- EXTRA CORTO (2 d\u00edas m\u00e1s larga que AMAZONA) RENDIMIENTO.- Alt\u00edsimo rendimiento, superior a todas las variedades comerciales no h\u00edbridas sembradas en Espa\u00f1a y Grecia. TOLERANCIA A VERTICILIUM.- Tolerancia MUY ALTA similar [&hellip;]<\/p>\n","protected":false},"author":2,"featured_media":0,"parent":143,"menu_order":0,"comment_status":"closed","ping_status":"closed","template":"","meta":{"ngg_post_thumbnail":0,"footnotes":""},"class_list":["post-560","page","type-page","status-publish","hentry"],"yoast_head":"<!-- This site is optimized with the Yoast SEO plugin v23.7 - https:\/\/yoast.com\/wordpress\/plugins\/seo\/ -->\n<title>Elpida - Semisur<\/title>\n<meta name=\"robots\" content=\"index, follow, max-snippet:-1, max-image-preview:large, max-video-preview:-1\" \/>\n<link rel=\"canonical\" href=\"https:\/\/www.ssiberica.es\/es\/nuestra-actividad\/semillas-de-siembra\/algodon\/elpida\/\" \/>\n<meta property=\"og:locale\" content=\"es_ES\" \/>\n<meta property=\"og:type\" content=\"article\" \/>\n<meta property=\"og:title\" content=\"Elpida - Semisur\" \/>\n<meta property=\"og:description\" content=\"TIPO DE PLANTA.- Variedad convencional con estructura semicil\u00edndrica y talla media (75 \u2013 90 cm) Hojas m\u00e1s peque\u00f1as que Amazona y mayor cantidad CICLO.- EXTRA CORTO (2 d\u00edas m\u00e1s larga que AMAZONA) RENDIMIENTO.- Alt\u00edsimo rendimiento, superior a todas las variedades comerciales no h\u00edbridas sembradas en Espa\u00f1a y Grecia. TOLERANCIA A VERTICILIUM.- Tolerancia MUY ALTA similar [&hellip;]\" \/>\n<meta property=\"og:url\" content=\"https:\/\/www.ssiberica.es\/es\/nuestra-actividad\/semillas-de-siembra\/algodon\/elpida\/\" \/>\n<meta property=\"og:site_name\" content=\"Semisur\" \/>\n<meta property=\"article:modified_time\" content=\"2016-06-14T08:18:38+00:00\" \/>\n<meta name=\"twitter:label1\" content=\"Tiempo de lectura\" \/>\n\t<meta name=\"twitter:data1\" content=\"1 minuto\" \/>\n<script type=\"application\/ld+json\" class=\"yoast-schema-graph\">{\"@context\":\"https:\/\/schema.org\",\"@graph\":[{\"@type\":\"WebPage\",\"@id\":\"https:\/\/www.ssiberica.es\/es\/nuestra-actividad\/semillas-de-siembra\/algodon\/elpida\/\",\"url\":\"https:\/\/www.ssiberica.es\/es\/nuestra-actividad\/semillas-de-siembra\/algodon\/elpida\/\",\"name\":\"Elpida - Semisur\",\"isPartOf\":{\"@id\":\"https:\/\/www.ssiberica.es\/es\/#website\"},\"datePublished\":\"2016-06-14T07:48:45+00:00\",\"dateModified\":\"2016-06-14T08:18:38+00:00\",\"breadcrumb\":{\"@id\":\"https:\/\/www.ssiberica.es\/es\/nuestra-actividad\/semillas-de-siembra\/algodon\/elpida\/#breadcrumb\"},\"inLanguage\":\"es\",\"potentialAction\":[{\"@type\":\"ReadAction\",\"target\":[\"https:\/\/www.ssiberica.es\/es\/nuestra-actividad\/semillas-de-siembra\/algodon\/elpida\/\"]}]},{\"@type\":\"BreadcrumbList\",\"@id\":\"https:\/\/www.ssiberica.es\/es\/nuestra-actividad\/semillas-de-siembra\/algodon\/elpida\/#breadcrumb\",\"itemListElement\":[{\"@type\":\"ListItem\",\"position\":1,\"name\":\"Portada\",\"item\":\"https:\/\/www.ssiberica.es\/es\/\"},{\"@type\":\"ListItem\",\"position\":2,\"name\":\"Nuestra actividad\",\"item\":\"https:\/\/www.ssiberica.es\/es\/nuestra-actividad\/\"},{\"@type\":\"ListItem\",\"position\":3,\"name\":\"Semillas de siembra\",\"item\":\"https:\/\/www.ssiberica.es\/es\/nuestra-actividad\/semillas-de-siembra\/\"},{\"@type\":\"ListItem\",\"position\":4,\"name\":\"Algod\u00f3n\",\"item\":\"https:\/\/www.ssiberica.es\/es\/nuestra-actividad\/semillas-de-siembra\/algodon\/\"},{\"@type\":\"ListItem\",\"position\":5,\"name\":\"Elpida\"}]},{\"@type\":\"WebSite\",\"@id\":\"https:\/\/www.ssiberica.es\/es\/#website\",\"url\":\"https:\/\/www.ssiberica.es\/es\/\",\"name\":\"Semisur\",\"description\":\"Semillas Sostenibles Ib\u00e9rica S.L.\",\"potentialAction\":[{\"@type\":\"SearchAction\",\"target\":{\"@type\":\"EntryPoint\",\"urlTemplate\":\"https:\/\/www.ssiberica.es\/es\/?s={search_term_string}\"},\"query-input\":{\"@type\":\"PropertyValueSpecification\",\"valueRequired\":true,\"valueName\":\"search_term_string\"}}],\"inLanguage\":\"es\"}]}<\/script>\n<!-- \/ Yoast SEO plugin. -->","yoast_head_json":{"title":"Elpida - Semisur","robots":{"index":"index","follow":"follow","max-snippet":"max-snippet:-1","max-image-preview":"max-image-preview:large","max-video-preview":"max-video-preview:-1"},"canonical":"https:\/\/www.ssiberica.es\/es\/nuestra-actividad\/semillas-de-siembra\/algodon\/elpida\/","og_locale":"es_ES","og_type":"article","og_title":"Elpida - Semisur","og_description":"TIPO DE PLANTA.- Variedad convencional con estructura semicil\u00edndrica y talla media (75 \u2013 90 cm) Hojas m\u00e1s peque\u00f1as que Amazona y mayor cantidad CICLO.- EXTRA CORTO (2 d\u00edas m\u00e1s larga que AMAZONA) RENDIMIENTO.- Alt\u00edsimo rendimiento, superior a todas las variedades comerciales no h\u00edbridas sembradas en Espa\u00f1a y Grecia. TOLERANCIA A VERTICILIUM.- Tolerancia MUY ALTA similar [&hellip;]","og_url":"https:\/\/www.ssiberica.es\/es\/nuestra-actividad\/semillas-de-siembra\/algodon\/elpida\/","og_site_name":"Semisur","article_modified_time":"2016-06-14T08:18:38+00:00","twitter_misc":{"Tiempo de lectura":"1 minuto"},"schema":{"@context":"https:\/\/schema.org","@graph":[{"@type":"WebPage","@id":"https:\/\/www.ssiberica.es\/es\/nuestra-actividad\/semillas-de-siembra\/algodon\/elpida\/","url":"https:\/\/www.ssiberica.es\/es\/nuestra-actividad\/semillas-de-siembra\/algodon\/elpida\/","name":"Elpida - Semisur","isPartOf":{"@id":"https:\/\/www.ssiberica.es\/es\/#website"},"datePublished":"2016-06-14T07:48:45+00:00","dateModified":"2016-06-14T08:18:38+00:00","breadcrumb":{"@id":"https:\/\/www.ssiberica.es\/es\/nuestra-actividad\/semillas-de-siembra\/algodon\/elpida\/#breadcrumb"},"inLanguage":"es","potentialAction":[{"@type":"ReadAction","target":["https:\/\/www.ssiberica.es\/es\/nuestra-actividad\/semillas-de-siembra\/algodon\/elpida\/"]}]},{"@type":"BreadcrumbList","@id":"https:\/\/www.ssiberica.es\/es\/nuestra-actividad\/semillas-de-siembra\/algodon\/elpida\/#breadcrumb","itemListElement":[{"@type":"ListItem","position":1,"name":"Portada","item":"https:\/\/www.ssiberica.es\/es\/"},{"@type":"ListItem","position":2,"name":"Nuestra actividad","item":"https:\/\/www.ssiberica.es\/es\/nuestra-actividad\/"},{"@type":"ListItem","position":3,"name":"Semillas de siembra","item":"https:\/\/www.ssiberica.es\/es\/nuestra-actividad\/semillas-de-siembra\/"},{"@type":"ListItem","position":4,"name":"Algod\u00f3n","item":"https:\/\/www.ssiberica.es\/es\/nuestra-actividad\/semillas-de-siembra\/algodon\/"},{"@type":"ListItem","position":5,"name":"Elpida"}]},{"@type":"WebSite","@id":"https:\/\/www.ssiberica.es\/es\/#website","url":"https:\/\/www.ssiberica.es\/es\/","name":"Semisur","description":"Semillas Sostenibles Ib\u00e9rica S.L.","potentialAction":[{"@type":"SearchAction","target":{"@type":"EntryPoint","urlTemplate":"https:\/\/www.ssiberica.es\/es\/?s={search_term_string}"},"query-input":{"@type":"PropertyValueSpecification","valueRequired":true,"valueName":"search_term_string"}}],"inLanguage":"es"}]}},"_links":{"self":[{"href":"https:\/\/www.ssiberica.es\/es\/wp-json\/wp\/v2\/pages\/560"}],"collection":[{"href":"https:\/\/www.ssiberica.es\/es\/wp-json\/wp\/v2\/pages"}],"about":[{"href":"https:\/\/www.ssiberica.es\/es\/wp-json\/wp\/v2\/types\/page"}],"author":[{"embeddable":true,"href":"https:\/\/www.ssiberica.es\/es\/wp-json\/wp\/v2\/users\/2"}],"replies":[{"embeddable":true,"href":"https:\/\/www.ssiberica.es\/es\/wp-json\/wp\/v2\/comments?post=560"}],"version-history":[{"count":3,"href":"https:\/\/www.ssiberica.es\/es\/wp-json\/wp\/v2\/pages\/560\/revisions"}],"predecessor-version":[{"id":588,"href":"https:\/\/www.ssiberica.es\/es\/wp-json\/wp\/v2\/pages\/560\/revisions\/588"}],"up":[{"embeddable":true,"href":"https:\/\/www.ssiberica.es\/es\/wp-json\/wp\/v2\/pages\/143"}],"wp:attachment":[{"href":"https:\/\/www.ssiberica.es\/es\/wp-json\/wp\/v2\/media?parent=560"}],"curies":[{"name":"wp","href":"https:\/\/api.w.org\/{rel}","templated":true}]}}