{"id":564,"date":"2016-06-14T09:49:30","date_gmt":"2016-06-14T07:49:30","guid":{"rendered":"http:\/\/www.ssiberica.es\/es\/?page_id=564"},"modified":"2016-06-14T10:12:21","modified_gmt":"2016-06-14T08:12:21","slug":"intercott-670","status":"publish","type":"page","link":"https:\/\/www.ssiberica.es\/es\/nuestra-actividad\/semillas-de-siembra\/algodon\/intercott-670\/","title":{"rendered":"Intercott-670"},"content":{"rendered":"<div class=\"dos-columnas\">\n<ul>\n<li><strong>TIPO DE PLANTA:<\/strong> Hibrido inter-especifico de tipo PIRAMIDAL y talla media (90-110cm)<\/li>\n<li><strong>CICLO:<\/strong> MEDIO,  (inicia la floraci\u00f3n 8 a 10 d\u00edas antes que las variedades convencionales de ciclo medio)<\/li>\n<li><strong>RENDIMIENTO:<\/strong> El promedio de rendimiento es claramente superior a cualquier variedad convencional, motivado por su superior vigor, su tolerancia a Heliothis, su resistencia al estr\u00e9s h\u00eddrico  y su gran cantidad de c\u00e1psulas por planta<\/li>\n<li><strong>TOLERANCIA A VERTICILIUM:<\/strong> Como todas las variedades procedentes de H\u00edbridos Interespecificos, Intercott-670  es muy tolerante a Verticilium, muy superior a todas las variedades conocidas y  por lo tanto  puede sembrarse en cualquier tipo de suelo aunque este hubiera  repetido algod\u00f3n varios a\u00f1os <\/li>\n<li><strong>CALIDAD DE LA FIBRA:<\/strong> La calidad de fibra de INTERCOTT-670 es una calidad denominada FIBRA EXTRA LARGA (ELS en los mercados internacionales) La  demanda de esta fibra y por tanto su precio de mercado (claramente superior al de las variedades convencionales) sigue otros canales comerciales diferentes <\/li>\n<li><strong>TOLERANCIA A INSECTOS:<\/strong> Destaca la tolerancia a Heliothis  en comparaci\u00f3n con las variedades convencionales, tambi\u00e9n destaca la tolerancia a insectos chupadores como consecuencia de tener pelos en el env\u00e9s de las hojas<\/li>\n<li><strong>RESISTENCIA A LLUVIA Y VIENTO:<\/strong> La c\u00e1psula de INTERCOTT-670 aunque es de carpelos abiertos contiene unos zarcillos de sujeci\u00f3n que hace que la fibra se mantenga engarzada en los carpelos evitando posibles da\u00f1os por vientos fuertes o lluvias tempranas<\/li>\n<\/ul>\n<\/div>\n","protected":false},"excerpt":{"rendered":"<p>TIPO DE PLANTA: Hibrido inter-especifico de tipo PIRAMIDAL y talla media (90-110cm) CICLO: MEDIO, (inicia la floraci\u00f3n 8 a 10 d\u00edas antes que las variedades convencionales de ciclo medio) RENDIMIENTO: El promedio de rendimiento es claramente superior a cualquier variedad convencional, motivado por su superior vigor, su tolerancia a Heliothis, su resistencia al estr\u00e9s h\u00eddrico [&hellip;]<\/p>\n","protected":false},"author":2,"featured_media":0,"parent":143,"menu_order":0,"comment_status":"closed","ping_status":"closed","template":"","meta":{"ngg_post_thumbnail":0,"footnotes":""},"class_list":["post-564","page","type-page","status-publish","hentry"],"yoast_head":"<!-- This site is optimized with the Yoast SEO plugin v23.7 - https:\/\/yoast.com\/wordpress\/plugins\/seo\/ -->\n<title>Intercott-670 - Semisur<\/title>\n<meta name=\"robots\" content=\"index, follow, max-snippet:-1, max-image-preview:large, max-video-preview:-1\" \/>\n<link rel=\"canonical\" href=\"https:\/\/www.ssiberica.es\/es\/nuestra-actividad\/semillas-de-siembra\/algodon\/intercott-670\/\" \/>\n<meta property=\"og:locale\" content=\"es_ES\" \/>\n<meta property=\"og:type\" content=\"article\" \/>\n<meta property=\"og:title\" content=\"Intercott-670 - Semisur\" \/>\n<meta property=\"og:description\" content=\"TIPO DE PLANTA: Hibrido inter-especifico de tipo PIRAMIDAL y talla media (90-110cm) CICLO: MEDIO, (inicia la floraci\u00f3n 8 a 10 d\u00edas antes que las variedades convencionales de ciclo medio) RENDIMIENTO: El promedio de rendimiento es claramente superior a cualquier variedad convencional, motivado por su superior vigor, su tolerancia a Heliothis, su resistencia al estr\u00e9s h\u00eddrico [&hellip;]\" \/>\n<meta property=\"og:url\" content=\"https:\/\/www.ssiberica.es\/es\/nuestra-actividad\/semillas-de-siembra\/algodon\/intercott-670\/\" \/>\n<meta property=\"og:site_name\" content=\"Semisur\" \/>\n<meta property=\"article:modified_time\" content=\"2016-06-14T08:12:21+00:00\" \/>\n<meta name=\"twitter:label1\" content=\"Tiempo de lectura\" \/>\n\t<meta name=\"twitter:data1\" content=\"1 minuto\" \/>\n<script type=\"application\/ld+json\" class=\"yoast-schema-graph\">{\"@context\":\"https:\/\/schema.org\",\"@graph\":[{\"@type\":\"WebPage\",\"@id\":\"https:\/\/www.ssiberica.es\/es\/nuestra-actividad\/semillas-de-siembra\/algodon\/intercott-670\/\",\"url\":\"https:\/\/www.ssiberica.es\/es\/nuestra-actividad\/semillas-de-siembra\/algodon\/intercott-670\/\",\"name\":\"Intercott-670 - Semisur\",\"isPartOf\":{\"@id\":\"https:\/\/www.ssiberica.es\/es\/#website\"},\"datePublished\":\"2016-06-14T07:49:30+00:00\",\"dateModified\":\"2016-06-14T08:12:21+00:00\",\"breadcrumb\":{\"@id\":\"https:\/\/www.ssiberica.es\/es\/nuestra-actividad\/semillas-de-siembra\/algodon\/intercott-670\/#breadcrumb\"},\"inLanguage\":\"es\",\"potentialAction\":[{\"@type\":\"ReadAction\",\"target\":[\"https:\/\/www.ssiberica.es\/es\/nuestra-actividad\/semillas-de-siembra\/algodon\/intercott-670\/\"]}]},{\"@type\":\"BreadcrumbList\",\"@id\":\"https:\/\/www.ssiberica.es\/es\/nuestra-actividad\/semillas-de-siembra\/algodon\/intercott-670\/#breadcrumb\",\"itemListElement\":[{\"@type\":\"ListItem\",\"position\":1,\"name\":\"Portada\",\"item\":\"https:\/\/www.ssiberica.es\/es\/\"},{\"@type\":\"ListItem\",\"position\":2,\"name\":\"Nuestra actividad\",\"item\":\"https:\/\/www.ssiberica.es\/es\/nuestra-actividad\/\"},{\"@type\":\"ListItem\",\"position\":3,\"name\":\"Semillas de siembra\",\"item\":\"https:\/\/www.ssiberica.es\/es\/nuestra-actividad\/semillas-de-siembra\/\"},{\"@type\":\"ListItem\",\"position\":4,\"name\":\"Algod\u00f3n\",\"item\":\"https:\/\/www.ssiberica.es\/es\/nuestra-actividad\/semillas-de-siembra\/algodon\/\"},{\"@type\":\"ListItem\",\"position\":5,\"name\":\"Intercott-670\"}]},{\"@type\":\"WebSite\",\"@id\":\"https:\/\/www.ssiberica.es\/es\/#website\",\"url\":\"https:\/\/www.ssiberica.es\/es\/\",\"name\":\"Semisur\",\"description\":\"Semillas Sostenibles Ib\u00e9rica S.L.\",\"potentialAction\":[{\"@type\":\"SearchAction\",\"target\":{\"@type\":\"EntryPoint\",\"urlTemplate\":\"https:\/\/www.ssiberica.es\/es\/?s={search_term_string}\"},\"query-input\":{\"@type\":\"PropertyValueSpecification\",\"valueRequired\":true,\"valueName\":\"search_term_string\"}}],\"inLanguage\":\"es\"}]}<\/script>\n<!-- \/ Yoast SEO plugin. -->","yoast_head_json":{"title":"Intercott-670 - Semisur","robots":{"index":"index","follow":"follow","max-snippet":"max-snippet:-1","max-image-preview":"max-image-preview:large","max-video-preview":"max-video-preview:-1"},"canonical":"https:\/\/www.ssiberica.es\/es\/nuestra-actividad\/semillas-de-siembra\/algodon\/intercott-670\/","og_locale":"es_ES","og_type":"article","og_title":"Intercott-670 - Semisur","og_description":"TIPO DE PLANTA: Hibrido inter-especifico de tipo PIRAMIDAL y talla media (90-110cm) CICLO: MEDIO, (inicia la floraci\u00f3n 8 a 10 d\u00edas antes que las variedades convencionales de ciclo medio) RENDIMIENTO: El promedio de rendimiento es claramente superior a cualquier variedad convencional, motivado por su superior vigor, su tolerancia a Heliothis, su resistencia al estr\u00e9s h\u00eddrico [&hellip;]","og_url":"https:\/\/www.ssiberica.es\/es\/nuestra-actividad\/semillas-de-siembra\/algodon\/intercott-670\/","og_site_name":"Semisur","article_modified_time":"2016-06-14T08:12:21+00:00","twitter_misc":{"Tiempo de lectura":"1 minuto"},"schema":{"@context":"https:\/\/schema.org","@graph":[{"@type":"WebPage","@id":"https:\/\/www.ssiberica.es\/es\/nuestra-actividad\/semillas-de-siembra\/algodon\/intercott-670\/","url":"https:\/\/www.ssiberica.es\/es\/nuestra-actividad\/semillas-de-siembra\/algodon\/intercott-670\/","name":"Intercott-670 - Semisur","isPartOf":{"@id":"https:\/\/www.ssiberica.es\/es\/#website"},"datePublished":"2016-06-14T07:49:30+00:00","dateModified":"2016-06-14T08:12:21+00:00","breadcrumb":{"@id":"https:\/\/www.ssiberica.es\/es\/nuestra-actividad\/semillas-de-siembra\/algodon\/intercott-670\/#breadcrumb"},"inLanguage":"es","potentialAction":[{"@type":"ReadAction","target":["https:\/\/www.ssiberica.es\/es\/nuestra-actividad\/semillas-de-siembra\/algodon\/intercott-670\/"]}]},{"@type":"BreadcrumbList","@id":"https:\/\/www.ssiberica.es\/es\/nuestra-actividad\/semillas-de-siembra\/algodon\/intercott-670\/#breadcrumb","itemListElement":[{"@type":"ListItem","position":1,"name":"Portada","item":"https:\/\/www.ssiberica.es\/es\/"},{"@type":"ListItem","position":2,"name":"Nuestra actividad","item":"https:\/\/www.ssiberica.es\/es\/nuestra-actividad\/"},{"@type":"ListItem","position":3,"name":"Semillas de siembra","item":"https:\/\/www.ssiberica.es\/es\/nuestra-actividad\/semillas-de-siembra\/"},{"@type":"ListItem","position":4,"name":"Algod\u00f3n","item":"https:\/\/www.ssiberica.es\/es\/nuestra-actividad\/semillas-de-siembra\/algodon\/"},{"@type":"ListItem","position":5,"name":"Intercott-670"}]},{"@type":"WebSite","@id":"https:\/\/www.ssiberica.es\/es\/#website","url":"https:\/\/www.ssiberica.es\/es\/","name":"Semisur","description":"Semillas Sostenibles Ib\u00e9rica S.L.","potentialAction":[{"@type":"SearchAction","target":{"@type":"EntryPoint","urlTemplate":"https:\/\/www.ssiberica.es\/es\/?s={search_term_string}"},"query-input":{"@type":"PropertyValueSpecification","valueRequired":true,"valueName":"search_term_string"}}],"inLanguage":"es"}]}},"_links":{"self":[{"href":"https:\/\/www.ssiberica.es\/es\/wp-json\/wp\/v2\/pages\/564"}],"collection":[{"href":"https:\/\/www.ssiberica.es\/es\/wp-json\/wp\/v2\/pages"}],"about":[{"href":"https:\/\/www.ssiberica.es\/es\/wp-json\/wp\/v2\/types\/page"}],"author":[{"embeddable":true,"href":"https:\/\/www.ssiberica.es\/es\/wp-json\/wp\/v2\/users\/2"}],"replies":[{"embeddable":true,"href":"https:\/\/www.ssiberica.es\/es\/wp-json\/wp\/v2\/comments?post=564"}],"version-history":[{"count":3,"href":"https:\/\/www.ssiberica.es\/es\/wp-json\/wp\/v2\/pages\/564\/revisions"}],"predecessor-version":[{"id":577,"href":"https:\/\/www.ssiberica.es\/es\/wp-json\/wp\/v2\/pages\/564\/revisions\/577"}],"up":[{"embeddable":true,"href":"https:\/\/www.ssiberica.es\/es\/wp-json\/wp\/v2\/pages\/143"}],"wp:attachment":[{"href":"https:\/\/www.ssiberica.es\/es\/wp-json\/wp\/v2\/media?parent=564"}],"curies":[{"name":"wp","href":"https:\/\/api.w.org\/{rel}","templated":true}]}}