{"id":8,"date":"2016-02-01T08:21:05","date_gmt":"2016-02-01T08:21:05","guid":{"rendered":"http:\/\/www.ssiberica.es\/es\/?page_id=8"},"modified":"2016-06-20T10:17:48","modified_gmt":"2016-06-20T08:17:48","slug":"inicio","status":"publish","type":"page","link":"https:\/\/www.ssiberica.es\/es\/","title":{"rendered":"Inicio"},"content":{"rendered":"<div class=\"sheet clearfix directos-home\">\n<div class=\"one_third\">\n<p><a href=\"http:\/\/www.ssiberica.es\/es\/quienes-somos\/\" class=\"broken_link\"><img loading=\"lazy\" decoding=\"async\" class=\"size-full wp-image-45 aligncenter centrar icono-home\" src=\"http:\/\/www.ssiberica.es\/es\/wp-content\/uploads\/2016\/02\/icono-quienes-somos.png\" alt=\"icono-quienes-somos\" width=\"198\" height=\"159\" \/><\/a><\/p>\n<h3 style=\"text-align: center;\"><a href=\"http:\/\/www.ssiberica.es\/es\/quienes-somos\/\" class=\"broken_link\">QUI\u00c9NES SOMOS<\/a><\/h3>\n<\/div>\n<div class=\"one_third\">\n<p><a href=\"http:\/\/www.ssiberica.es\/es\/nuestra-actividad\/\" class=\"broken_link\"><img loading=\"lazy\" decoding=\"async\" class=\"size-full wp-image-46 aligncenter centrar icono-home\" src=\"http:\/\/www.ssiberica.es\/es\/wp-content\/uploads\/2016\/02\/icono-productos.png\" alt=\"icono-productos\" width=\"198\" height=\"159\" \/><\/a><\/p>\n<h3 style=\"text-align: center;\"><a href=\"http:\/\/www.ssiberica.es\/es\/nuestra-actividad\/\" class=\"broken_link\">NUESTRA ACTIVIDAD<\/a><\/h3>\n<\/div>\n<div class=\"one_third last\">\n<p><a href=\"http:\/\/www.ssiberica.es\/es\/departamento-id\/\" class=\"broken_link\"><img loading=\"lazy\" decoding=\"async\" class=\"size-full wp-image-47 aligncenter centrar icono-home\" src=\"http:\/\/www.ssiberica.es\/es\/wp-content\/uploads\/2016\/02\/icono-id.png\" alt=\"icono-i+d\" width=\"198\" height=\"159\" \/><\/a><\/p>\n<h3 style=\"text-align: center;\"><a href=\"http:\/\/www.ssiberica.es\/es\/departamento-id\/\" class=\"broken_link\">DEPARTAMENTO I+D<\/a><\/h3>\n<\/div>\n<div class=\"clear\"><\/div>\n<\/div>\n<div class=\"margen-2\"><\/div>\n<div class=\"texto-home sombra\">\n<div class=\"sheet clearfix\">\n<h1 style=\"text-align: center;\">SEMILLAS SOSTENIBLES IB\u00c9RICA<\/h1>\n<div class=\"margen-1\"><\/div>\n<p><img loading=\"lazy\" decoding=\"async\" class=\"aligncenter size-full wp-image-52 centrar\" src=\"http:\/\/www.ssiberica.es\/es\/wp-content\/uploads\/2016\/02\/separador-gris.png\" alt=\"separador-gris\" width=\"128\" height=\"4\" \/><\/p>\n<div class=\"margen-1\"><\/div>\n<p class=\"parrafo-texto-home\" style=\"text-align: center;\">Semillas Sostenibles Ib\u00e9rica S.L.U., es una empresa andaluza dedicada a la investigaci\u00f3n, producci\u00f3n y comercializaci\u00f3n de semillas de Algod\u00f3n, Girasol de Pipa Blanca, Soja y Quinoa.<\/p>\n<p class=\"parrafo-texto-home\" style=\"text-align: center;\">Contribuimos decididamente a mantener de forma sostenible el cultivo de algod\u00f3n como especie estrat\u00e9gica en la agricultura Mediterr\u00e1nea y desarrollamos de igual forma cultivos como el Girasol de Pipa Blanca, Quinoa y Soja.<\/p>\n<\/div>\n<\/div>\n<div class=\"margen-3\"><\/div>\n<div class=\"noticias-home sheet clearfix\">\n<div id=\"category-\" class=\"latestposts\">\n<div class=\"one_half alpha\">\n<div class=\"latest-item clearfix\">\n<h4><a href=\"https:\/\/www.ssiberica.es\/es\/comando-actualidad-nuevos-alimentos-quinoa\/\">Comando Actualidad &#8211; Nuevos alimentos &#8211; Quinoa<\/a><\/h4>\n<p><img loading=\"lazy\" decoding=\"async\" width=\"150\" height=\"150\" src=\"https:\/\/www.ssiberica.es\/es\/wp-content\/uploads\/2016\/06\/comando-actualidad-150x150.jpg\" class=\"alignleft latest-img wp-post-image\" alt=\"\" \/><\/p>\n<div class=\"latest-excerpt\">Nuevos alimentos &#8211; quinoa Semillas Sostenibles Ib\u00e9rica S.L.U. aparece en el programa de RTVE, Comando Actualidad, donde tratan la producci\u00f3n de quinoa en Los Palacios y Villafranca. Fuente: rtve.es<\/div>\n<p><a class=\"button more-link\" href=\"https:\/\/www.ssiberica.es\/es\/comando-actualidad-nuevos-alimentos-quinoa\/\">Leer m\u00e1s<\/a><\/div>\n<\/div>\n<div class=\"one_half last\">\n<div class=\"latest-item clearfix\">\n<h4><a href=\"https:\/\/www.ssiberica.es\/es\/algosur-pone-marcha-la-primera-planta-procesar-quinoa\/\">Algosur pone en marcha la primera planta para procesar quinoa<\/a><\/h4>\n<p><img loading=\"lazy\" decoding=\"async\" width=\"150\" height=\"150\" src=\"https:\/\/www.ssiberica.es\/es\/wp-content\/uploads\/2016\/06\/QUINOA-620x349-150x150.jpg\" class=\"alignleft latest-img wp-post-image\" alt=\"\" \/><\/p>\n<div class=\"latest-excerpt\">A falta de su inauguraci\u00f3n oficial, ya est\u00e1 en funcionamiento en Los Palacios la primera planta para procesar, calibrar y envasar quinoa, tras una inversi\u00f3n de tres millones de euros La empresa Algosur reafirma su apuesta por el cultivo de quinoa en el Bajo Guadalquivir,&#8230;<\/div>\n<p><a class=\"button more-link\" href=\"https:\/\/www.ssiberica.es\/es\/algosur-pone-marcha-la-primera-planta-procesar-quinoa\/\">Leer m\u00e1s<\/a><\/div>\n<\/div>\n<div class=\"clear\"><\/div>\n<\/div>\n<div class=\"linea-gris\"><\/div>\n<div class=\"margen-1\"><\/div>\n<p style=\"text-align: right;\"><a class=\"ultimas-noticias broken_link\" href=\"http:\/\/www.ssiberica.es\/es\/noticias\/\">Acceder a las \u00faltimas noticias<\/a><\/p>\n<\/div>\n","protected":false},"excerpt":{"rendered":"<p>QUI\u00c9NES SOMOS NUESTRA ACTIVIDAD DEPARTAMENTO I+D SEMILLAS SOSTENIBLES IB\u00c9RICA Semillas Sostenibles Ib\u00e9rica S.L.U., es una empresa andaluza dedicada a la investigaci\u00f3n, producci\u00f3n y comercializaci\u00f3n de semillas de Algod\u00f3n, Girasol de Pipa Blanca, Soja y Quinoa. Contribuimos decididamente a mantener de forma sostenible el cultivo de algod\u00f3n como especie estrat\u00e9gica en la agricultura Mediterr\u00e1nea y desarrollamos [&hellip;]<\/p>\n","protected":false},"author":2,"featured_media":0,"parent":0,"menu_order":0,"comment_status":"closed","ping_status":"closed","template":"diseno-home.php","meta":{"ngg_post_thumbnail":0,"footnotes":""},"class_list":["post-8","page","type-page","status-publish","hentry"],"yoast_head":"<!-- This site is optimized with the Yoast SEO plugin v23.7 - https:\/\/yoast.com\/wordpress\/plugins\/seo\/ -->\n<title>Inicio - Semisur<\/title>\n<meta name=\"robots\" content=\"index, follow, max-snippet:-1, max-image-preview:large, max-video-preview:-1\" \/>\n<link rel=\"canonical\" href=\"https:\/\/www.ssiberica.es\/es\/\" \/>\n<meta property=\"og:locale\" content=\"es_ES\" \/>\n<meta property=\"og:type\" content=\"article\" \/>\n<meta property=\"og:title\" content=\"Inicio - Semisur\" \/>\n<meta property=\"og:description\" content=\"QUI\u00c9NES SOMOS NUESTRA ACTIVIDAD DEPARTAMENTO I+D SEMILLAS SOSTENIBLES IB\u00c9RICA Semillas Sostenibles Ib\u00e9rica S.L.U., es una empresa andaluza dedicada a la investigaci\u00f3n, producci\u00f3n y comercializaci\u00f3n de semillas de Algod\u00f3n, Girasol de Pipa Blanca, Soja y Quinoa. Contribuimos decididamente a mantener de forma sostenible el cultivo de algod\u00f3n como especie estrat\u00e9gica en la agricultura Mediterr\u00e1nea y desarrollamos [&hellip;]\" \/>\n<meta property=\"og:url\" content=\"https:\/\/www.ssiberica.es\/es\/\" \/>\n<meta property=\"og:site_name\" content=\"Semisur\" \/>\n<meta property=\"article:modified_time\" content=\"2016-06-20T08:17:48+00:00\" \/>\n<meta property=\"og:image\" content=\"http:\/\/www.ssiberica.es\/es\/wp-content\/uploads\/2016\/02\/icono-quienes-somos.png\" \/>\n<meta name=\"twitter:label1\" content=\"Tiempo de lectura\" \/>\n\t<meta name=\"twitter:data1\" content=\"1 minuto\" \/>\n<script type=\"application\/ld+json\" class=\"yoast-schema-graph\">{\"@context\":\"https:\/\/schema.org\",\"@graph\":[{\"@type\":\"WebPage\",\"@id\":\"https:\/\/www.ssiberica.es\/es\/\",\"url\":\"https:\/\/www.ssiberica.es\/es\/\",\"name\":\"Inicio - Semisur\",\"isPartOf\":{\"@id\":\"https:\/\/www.ssiberica.es\/es\/#website\"},\"primaryImageOfPage\":{\"@id\":\"https:\/\/www.ssiberica.es\/es\/#primaryimage\"},\"image\":{\"@id\":\"https:\/\/www.ssiberica.es\/es\/#primaryimage\"},\"thumbnailUrl\":\"http:\/\/www.ssiberica.es\/es\/wp-content\/uploads\/2016\/02\/icono-quienes-somos.png\",\"datePublished\":\"2016-02-01T08:21:05+00:00\",\"dateModified\":\"2016-06-20T08:17:48+00:00\",\"breadcrumb\":{\"@id\":\"https:\/\/www.ssiberica.es\/es\/#breadcrumb\"},\"inLanguage\":\"es\",\"potentialAction\":[{\"@type\":\"ReadAction\",\"target\":[\"https:\/\/www.ssiberica.es\/es\/\"]}]},{\"@type\":\"ImageObject\",\"inLanguage\":\"es\",\"@id\":\"https:\/\/www.ssiberica.es\/es\/#primaryimage\",\"url\":\"https:\/\/www.ssiberica.es\/es\/wp-content\/uploads\/2016\/02\/icono-quienes-somos.png\",\"contentUrl\":\"https:\/\/www.ssiberica.es\/es\/wp-content\/uploads\/2016\/02\/icono-quienes-somos.png\",\"width\":198,\"height\":159},{\"@type\":\"BreadcrumbList\",\"@id\":\"https:\/\/www.ssiberica.es\/es\/#breadcrumb\",\"itemListElement\":[{\"@type\":\"ListItem\",\"position\":1,\"name\":\"Portada\",\"item\":\"https:\/\/www.ssiberica.es\/es\/\"},{\"@type\":\"ListItem\",\"position\":2,\"name\":\"Inicio\"}]},{\"@type\":\"WebSite\",\"@id\":\"https:\/\/www.ssiberica.es\/es\/#website\",\"url\":\"https:\/\/www.ssiberica.es\/es\/\",\"name\":\"Semisur\",\"description\":\"Semillas Sostenibles Ib\u00e9rica S.L.\",\"potentialAction\":[{\"@type\":\"SearchAction\",\"target\":{\"@type\":\"EntryPoint\",\"urlTemplate\":\"https:\/\/www.ssiberica.es\/es\/?s={search_term_string}\"},\"query-input\":{\"@type\":\"PropertyValueSpecification\",\"valueRequired\":true,\"valueName\":\"search_term_string\"}}],\"inLanguage\":\"es\"}]}<\/script>\n<!-- \/ Yoast SEO plugin. -->","yoast_head_json":{"title":"Inicio - Semisur","robots":{"index":"index","follow":"follow","max-snippet":"max-snippet:-1","max-image-preview":"max-image-preview:large","max-video-preview":"max-video-preview:-1"},"canonical":"https:\/\/www.ssiberica.es\/es\/","og_locale":"es_ES","og_type":"article","og_title":"Inicio - Semisur","og_description":"QUI\u00c9NES SOMOS NUESTRA ACTIVIDAD DEPARTAMENTO I+D SEMILLAS SOSTENIBLES IB\u00c9RICA Semillas Sostenibles Ib\u00e9rica S.L.U., es una empresa andaluza dedicada a la investigaci\u00f3n, producci\u00f3n y comercializaci\u00f3n de semillas de Algod\u00f3n, Girasol de Pipa Blanca, Soja y Quinoa. Contribuimos decididamente a mantener de forma sostenible el cultivo de algod\u00f3n como especie estrat\u00e9gica en la agricultura Mediterr\u00e1nea y desarrollamos [&hellip;]","og_url":"https:\/\/www.ssiberica.es\/es\/","og_site_name":"Semisur","article_modified_time":"2016-06-20T08:17:48+00:00","og_image":[{"url":"http:\/\/www.ssiberica.es\/es\/wp-content\/uploads\/2016\/02\/icono-quienes-somos.png"}],"twitter_misc":{"Tiempo de lectura":"1 minuto"},"schema":{"@context":"https:\/\/schema.org","@graph":[{"@type":"WebPage","@id":"https:\/\/www.ssiberica.es\/es\/","url":"https:\/\/www.ssiberica.es\/es\/","name":"Inicio - Semisur","isPartOf":{"@id":"https:\/\/www.ssiberica.es\/es\/#website"},"primaryImageOfPage":{"@id":"https:\/\/www.ssiberica.es\/es\/#primaryimage"},"image":{"@id":"https:\/\/www.ssiberica.es\/es\/#primaryimage"},"thumbnailUrl":"http:\/\/www.ssiberica.es\/es\/wp-content\/uploads\/2016\/02\/icono-quienes-somos.png","datePublished":"2016-02-01T08:21:05+00:00","dateModified":"2016-06-20T08:17:48+00:00","breadcrumb":{"@id":"https:\/\/www.ssiberica.es\/es\/#breadcrumb"},"inLanguage":"es","potentialAction":[{"@type":"ReadAction","target":["https:\/\/www.ssiberica.es\/es\/"]}]},{"@type":"ImageObject","inLanguage":"es","@id":"https:\/\/www.ssiberica.es\/es\/#primaryimage","url":"https:\/\/www.ssiberica.es\/es\/wp-content\/uploads\/2016\/02\/icono-quienes-somos.png","contentUrl":"https:\/\/www.ssiberica.es\/es\/wp-content\/uploads\/2016\/02\/icono-quienes-somos.png","width":198,"height":159},{"@type":"BreadcrumbList","@id":"https:\/\/www.ssiberica.es\/es\/#breadcrumb","itemListElement":[{"@type":"ListItem","position":1,"name":"Portada","item":"https:\/\/www.ssiberica.es\/es\/"},{"@type":"ListItem","position":2,"name":"Inicio"}]},{"@type":"WebSite","@id":"https:\/\/www.ssiberica.es\/es\/#website","url":"https:\/\/www.ssiberica.es\/es\/","name":"Semisur","description":"Semillas Sostenibles Ib\u00e9rica S.L.","potentialAction":[{"@type":"SearchAction","target":{"@type":"EntryPoint","urlTemplate":"https:\/\/www.ssiberica.es\/es\/?s={search_term_string}"},"query-input":{"@type":"PropertyValueSpecification","valueRequired":true,"valueName":"search_term_string"}}],"inLanguage":"es"}]}},"_links":{"self":[{"href":"https:\/\/www.ssiberica.es\/es\/wp-json\/wp\/v2\/pages\/8"}],"collection":[{"href":"https:\/\/www.ssiberica.es\/es\/wp-json\/wp\/v2\/pages"}],"about":[{"href":"https:\/\/www.ssiberica.es\/es\/wp-json\/wp\/v2\/types\/page"}],"author":[{"embeddable":true,"href":"https:\/\/www.ssiberica.es\/es\/wp-json\/wp\/v2\/users\/2"}],"replies":[{"embeddable":true,"href":"https:\/\/www.ssiberica.es\/es\/wp-json\/wp\/v2\/comments?post=8"}],"version-history":[{"count":5,"href":"https:\/\/www.ssiberica.es\/es\/wp-json\/wp\/v2\/pages\/8\/revisions"}],"predecessor-version":[{"id":615,"href":"https:\/\/www.ssiberica.es\/es\/wp-json\/wp\/v2\/pages\/8\/revisions\/615"}],"wp:attachment":[{"href":"https:\/\/www.ssiberica.es\/es\/wp-json\/wp\/v2\/media?parent=8"}],"curies":[{"name":"wp","href":"https:\/\/api.w.org\/{rel}","templated":true}]}}